{"id":2793,"date":"2021-02-23T11:15:20","date_gmt":"2021-02-23T11:15:20","guid":{"rendered":"https:\/\/www.industex.com\/quality-control\/"},"modified":"2021-05-05T14:04:22","modified_gmt":"2021-05-05T14:04:22","slug":"qualitatskontrolle","status":"publish","type":"page","link":"https:\/\/industex.com\/de\/qualitatskontrolle\/","title":{"rendered":"Qualit\u00e4tskontrolle"},"content":{"rendered":"\t\t<div data-elementor-type=\"wp-page\" data-elementor-id=\"2793\" class=\"elementor elementor-2793 elementor-16\" data-elementor-post-type=\"page\">\n\t\t\t\t\t\t<section class=\"elementor-section elementor-top-section elementor-element elementor-element-dbc23f1 elementor-section-height-min-height elementor-section-boxed elementor-section-height-default elementor-section-items-middle\" data-id=\"dbc23f1\" data-element_type=\"section\" data-settings=\"{&quot;background_background&quot;:&quot;classic&quot;}\">\n\t\t\t\t\t\t<div class=\"elementor-container elementor-column-gap-default\">\n\t\t\t\t\t<div class=\"elementor-column elementor-col-100 elementor-top-column elementor-element elementor-element-e221efb\" data-id=\"e221efb\" data-element_type=\"column\">\n\t\t\t<div class=\"elementor-widget-wrap elementor-element-populated\">\n\t\t\t\t\t\t<section class=\"elementor-section elementor-inner-section elementor-element elementor-element-b7aa85f elementor-section-height-min-height elementor-section-content-middle elementor-section-boxed elementor-section-height-default\" data-id=\"b7aa85f\" data-element_type=\"section\" data-settings=\"{&quot;background_background&quot;:&quot;classic&quot;}\">\n\t\t\t\t\t\t<div class=\"elementor-container elementor-column-gap-default\">\n\t\t\t\t\t<div class=\"elementor-column elementor-col-100 elementor-inner-column elementor-element elementor-element-f8d14d4\" data-id=\"f8d14d4\" data-element_type=\"column\" data-settings=\"{&quot;background_background&quot;:&quot;classic&quot;}\">\n\t\t\t<div class=\"elementor-widget-wrap elementor-element-populated\">\n\t\t\t\t\t\t<div class=\"elementor-element elementor-element-40dc0b0 elementor-widget elementor-widget-heading\" data-id=\"40dc0b0\" data-element_type=\"widget\" data-widget_type=\"heading.default\">\n\t\t\t\t<div class=\"elementor-widget-container\">\n\t\t\t\t\t<h1 class=\"elementor-heading-title elementor-size-default\">Qualit\u00e4tskontrolle<\/h1>\t\t\t\t<\/div>\n\t\t\t\t<\/div>\n\t\t\t\t\t<\/div>\n\t\t<\/div>\n\t\t\t\t\t<\/div>\n\t\t<\/section>\n\t\t\t\t\t<\/div>\n\t\t<\/div>\n\t\t\t\t\t<\/div>\n\t\t<\/section>\n\t\t\t\t<section class=\"elementor-section elementor-top-section elementor-element elementor-element-452c5e2 elementor-section-boxed elementor-section-height-default elementor-section-height-default\" data-id=\"452c5e2\" data-element_type=\"section\">\n\t\t\t\t\t\t<div class=\"elementor-container elementor-column-gap-default\">\n\t\t\t\t\t<div class=\"elementor-column elementor-col-33 elementor-top-column elementor-element elementor-element-11fedff elementor-invisible\" data-id=\"11fedff\" data-element_type=\"column\" data-settings=\"{&quot;animation&quot;:&quot;fadeInUp&quot;}\">\n\t\t\t<div class=\"elementor-widget-wrap elementor-element-populated\">\n\t\t\t\t\t\t<div class=\"elementor-element elementor-element-b3ff3e7 elementor-widget elementor-widget-tp-info-box\" data-id=\"b3ff3e7\" data-element_type=\"widget\" data-widget_type=\"tp-info-box.default\">\n\t\t\t\t<div class=\"elementor-widget-container\">\n\t\t\t\t\t<div id=\"info_box69f304fde4c1f\" class=\"pt_plus_info_box hover_normal    info_box69f304fde4c1f info-box-style_3    \"  data-id=\"info_box69f304fde4c1f\"    data-connection=\"\" data-eventtype=\"\" ><div class=\"post-inner-loop \"><div class=\"info-box-inner content_hover_effect  tp-info-nc\"   ><div class=\"info-box-bg-box    \" ><div class=\"text-center\"><div class=\"service-center  \"><div class=\"info-icon-content\"><div class=\"service-icon-image  service-icon \"><img decoding=\"async\" src=\"https:\/\/industex.com\/wp-content\/uploads\/2021\/05\/regulatory-adherence.svg\" class=\"icon-image-set\" alt=\"regulatory adherence\"\/><\/div><\/div><div class=\"service-desc\"> <p>Einhaltung beh\u00f6rdlicher Vorgaben<\/p> <\/div><\/div><\/div><div class=\"infobox-overlay-color\"><\/div><\/div><\/div><\/div><\/div>\t\t\t\t<\/div>\n\t\t\t\t<\/div>\n\t\t\t\t\t<\/div>\n\t\t<\/div>\n\t\t\t\t<div class=\"elementor-column elementor-col-33 elementor-top-column elementor-element elementor-element-f5cbed9\" data-id=\"f5cbed9\" data-element_type=\"column\">\n\t\t\t<div class=\"elementor-widget-wrap elementor-element-populated\">\n\t\t\t\t\t\t<div class=\"elementor-element elementor-element-222732c elementor-widget elementor-widget-tp-info-box\" data-id=\"222732c\" data-element_type=\"widget\" data-widget_type=\"tp-info-box.default\">\n\t\t\t\t<div class=\"elementor-widget-container\">\n\t\t\t\t\t<div id=\"info_box69f304fde5f87\" class=\"pt_plus_info_box hover_normal    info_box69f304fde5f87 info-box-style_3    \"  data-id=\"info_box69f304fde5f87\"    data-connection=\"\" data-eventtype=\"\" ><div class=\"post-inner-loop \"><div class=\"info-box-inner content_hover_effect  tp-info-nc\"   ><div class=\"info-box-bg-box    \" ><div class=\"text-center\"><div class=\"service-center  \"><div class=\"info-icon-content\"><div class=\"service-icon-image  service-icon \"><img decoding=\"async\" src=\"https:\/\/industex.com\/wp-content\/uploads\/2021\/05\/innovative-product-design.svg\" class=\"icon-image-set\" alt=\"innovative product design\"\/><\/div><\/div><div class=\"service-desc\"> <p>Innovative Produktentwicklung<\/p> <\/div><\/div><\/div><div class=\"infobox-overlay-color\"><\/div><\/div><\/div><\/div><\/div>\t\t\t\t<\/div>\n\t\t\t\t<\/div>\n\t\t\t\t\t<\/div>\n\t\t<\/div>\n\t\t\t\t<div class=\"elementor-column elementor-col-33 elementor-top-column elementor-element elementor-element-703aa57\" data-id=\"703aa57\" data-element_type=\"column\">\n\t\t\t<div class=\"elementor-widget-wrap elementor-element-populated\">\n\t\t\t\t\t\t<div class=\"elementor-element elementor-element-a16dc32 elementor-widget elementor-widget-tp-info-box\" data-id=\"a16dc32\" data-element_type=\"widget\" data-widget_type=\"tp-info-box.default\">\n\t\t\t\t<div class=\"elementor-widget-container\">\n\t\t\t\t\t<div id=\"info_box69f304fde6cbd\" class=\"pt_plus_info_box hover_normal    info_box69f304fde6cbd info-box-style_3    \"  data-id=\"info_box69f304fde6cbd\"    data-connection=\"\" data-eventtype=\"\" ><div class=\"post-inner-loop \"><div class=\"info-box-inner content_hover_effect  tp-info-nc\"   ><div class=\"info-box-bg-box    \" ><div class=\"text-center\"><div class=\"service-center  \"><div class=\"info-icon-content\"><div class=\"service-icon-image  service-icon \"><img decoding=\"async\" src=\"https:\/\/industex.com\/wp-content\/uploads\/2021\/05\/premium-manufacturing.svg\" class=\"icon-image-set\" alt=\"premium manufacturing\"\/><\/div><\/div><div class=\"service-desc\"> <p>Premium-Fertigung<\/p> <\/div><\/div><\/div><div class=\"infobox-overlay-color\"><\/div><\/div><\/div><\/div><\/div>\t\t\t\t<\/div>\n\t\t\t\t<\/div>\n\t\t\t\t\t<\/div>\n\t\t<\/div>\n\t\t\t\t\t<\/div>\n\t\t<\/section>\n\t\t\t\t<section class=\"elementor-section elementor-top-section elementor-element elementor-element-45b89d6 elementor-section-boxed elementor-section-height-default elementor-section-height-default\" data-id=\"45b89d6\" data-element_type=\"section\" data-settings=\"{&quot;background_background&quot;:&quot;classic&quot;}\">\n\t\t\t\t\t\t<div class=\"elementor-container elementor-column-gap-default\">\n\t\t\t\t\t<div class=\"elementor-column elementor-col-100 elementor-top-column elementor-element elementor-element-f716723\" data-id=\"f716723\" data-element_type=\"column\">\n\t\t\t<div class=\"elementor-widget-wrap elementor-element-populated\">\n\t\t\t\t\t\t<div class=\"elementor-element elementor-element-4a3f727 elementor-widget elementor-widget-heading\" data-id=\"4a3f727\" data-element_type=\"widget\" data-widget_type=\"heading.default\">\n\t\t\t\t<div class=\"elementor-widget-container\">\n\t\t\t\t\t<h2 class=\"elementor-heading-title elementor-size-default\">Unser Versprechen<\/h2>\t\t\t\t<\/div>\n\t\t\t\t<\/div>\n\t\t\t\t<div class=\"elementor-element elementor-element-b07a89b elementor-widget elementor-widget-text-editor\" data-id=\"b07a89b\" data-element_type=\"widget\" data-widget_type=\"text-editor.default\">\n\t\t\t\t<div class=\"elementor-widget-container\">\n\t\t\t\t\t\t\t\t\t<p>Unsere Bestrebungen in Sachen Qualit\u00e4tskontrolle st\u00fctzen sich auf drei S\u00e4ulen:<br \/><br \/>Wir bieten unseren Kunden mit den von uns entwickelten, hergestellten und vertriebenen Produkten den h\u00f6chsten Grad an Zufriedenheit. Wir wollen ihre Erwartungen mit innovativer Gestaltung und zuverl\u00e4ssigen, einfach zu verwendenden Produkten zur L\u00f6sung von Alltagsproblemen \u00fcbertreffen. <br \/><br \/>Wir streben nach andauernder Verbesserung unserer Ma\u00dfnahmen zur Qualit\u00e4tsbeurteilung. Wir beurteilen die Produktqualit\u00e4t \u00fcber die gesamte Entwicklungsphase hinweg mit dem Ziel, dem Verbraucher die besten Ergebnisse zu liefern. <br \/><br \/>ISL h\u00e4lt die h\u00f6chsten beh\u00f6rdlichen Standards ein. Wir arbeiten eng mit den besten Laboren in China und Europa zusammen, um die Sicherheit und korrekte Funktion unserer Produkte zu gew\u00e4hrleisten.<\/p>\t\t\t\t\t\t\t\t<\/div>\n\t\t\t\t<\/div>\n\t\t\t\t\t<\/div>\n\t\t<\/div>\n\t\t\t\t\t<\/div>\n\t\t<\/section>\n\t\t\t\t<section class=\"elementor-section elementor-top-section elementor-element elementor-element-c8ae686 elementor-section-full_width elementor-section-height-default elementor-section-height-default\" data-id=\"c8ae686\" data-element_type=\"section\" data-settings=\"{&quot;background_background&quot;:&quot;classic&quot;}\">\n\t\t\t\t\t\t<div class=\"elementor-container elementor-column-gap-default\">\n\t\t\t\t\t<div class=\"elementor-column elementor-col-100 elementor-top-column elementor-element elementor-element-cd6d3b2\" data-id=\"cd6d3b2\" data-element_type=\"column\">\n\t\t\t<div class=\"elementor-widget-wrap elementor-element-populated\">\n\t\t\t\t\t\t<section class=\"elementor-section elementor-inner-section elementor-element elementor-element-4c6b6e7 elementor-section-height-min-height elementor-reverse-tablet elementor-reverse-mobile elementor-section-boxed elementor-section-height-default\" data-id=\"4c6b6e7\" data-element_type=\"section\">\n\t\t\t\t\t\t<div class=\"elementor-container elementor-column-gap-custom\">\n\t\t\t\t\t<div class=\"elementor-column elementor-col-33 elementor-inner-column elementor-element elementor-element-f83dfe3\" data-id=\"f83dfe3\" data-element_type=\"column\" data-settings=\"{&quot;background_background&quot;:&quot;classic&quot;}\">\n\t\t\t<div class=\"elementor-widget-wrap elementor-element-populated\">\n\t\t\t\t\t\t<div class=\"elementor-element elementor-element-d88aa40 elementor-widget elementor-widget-heading\" data-id=\"d88aa40\" data-element_type=\"widget\" data-widget_type=\"heading.default\">\n\t\t\t\t<div class=\"elementor-widget-container\">\n\t\t\t\t\t<h2 class=\"elementor-heading-title elementor-size-default\">Werden Sie Einzelhandelspartner<\/h2>\t\t\t\t<\/div>\n\t\t\t\t<\/div>\n\t\t\t\t<div class=\"elementor-element elementor-element-f916458 elementor-widget elementor-widget-text-editor\" data-id=\"f916458\" data-element_type=\"widget\" data-widget_type=\"text-editor.default\">\n\t\t\t\t<div class=\"elementor-widget-container\">\n\t\t\t\t\t\t\t\t\t<p>Die Produkte von ISL sind in den wichtigsten Gro\u00dfm\u00e4rkten, Superm\u00e4rkten, Warenh\u00e4usern und Discountern in Europa, Asien und Nord- und S\u00fcdamerika gut platziert. Mit \u00fcber 40.000 In-Store-Monitoren ist der ISL-Konzern europ\u00e4ischer Marktf\u00fchrer f\u00fcr diese Vertriebsart. Der ISL-Konzern hat sein umfassendes Know-how und seinen Erfolg im Produktmarketing in gro\u00dfen Einzelhandelsm\u00e4rkten auf die wichtigsten Umschlagpl\u00e4tze in Europa ausgedehnt, zu denen Spanien, Portugal, Italien, das Vereinigte K\u00f6nigreich, Deutschland, Frankreich, die Schweiz und die Niederlande geh\u00f6ren.<span style=\"background-color: var( --e-global-color-accent );\"><br \/><\/span><\/p><p>\u00a0<\/p>\t\t\t\t\t\t\t\t<\/div>\n\t\t\t\t<\/div>\n\t\t\t\t<div class=\"elementor-element elementor-element-0c7daeb elementor-widget elementor-widget-tp-button\" data-id=\"0c7daeb\" data-element_type=\"widget\" data-widget_type=\"tp-button.default\">\n\t\t\t\t<div class=\"elementor-widget-container\">\n\t\t\t\t\t<div class=\"pt-plus-button-wrapper   text-left text--tabletcenter   \"><div class=\"button_parallax   \" ><div id=\"button69f304fdeb3ac\"  class=\" text-left text--tabletcenter ts-button content_hover_effect   \" ><div class=\"pt_plus_button btn69f304fdeb3a9 button-style-13  hover-left   \"  ><div class=\"animted-content-inner \"><a href=\"https:\/\/industex.com\/de\/kontaktieren-sie-uns\/\" class=\"button-link-wrap\" role=\"button\" data-hover=\"KONTAKTIEREN SIE UNS\"  ><span>KONTAKTIEREN SIE UNS<\/span><\/a><\/div><\/div><\/div><\/div><\/div>\t\t\t\t<\/div>\n\t\t\t\t<\/div>\n\t\t\t\t\t<\/div>\n\t\t<\/div>\n\t\t\t\t<div class=\"elementor-column elementor-col-33 elementor-inner-column elementor-element elementor-element-83b777d elementor-hidden-tablet elementor-hidden-phone\" data-id=\"83b777d\" data-element_type=\"column\">\n\t\t\t<div class=\"elementor-widget-wrap\">\n\t\t\t\t\t\t\t<\/div>\n\t\t<\/div>\n\t\t\t\t<div class=\"elementor-column elementor-col-33 elementor-inner-column elementor-element elementor-element-5ecbe3a\" data-id=\"5ecbe3a\" data-element_type=\"column\" data-settings=\"{&quot;background_background&quot;:&quot;classic&quot;}\">\n\t\t\t<div class=\"elementor-widget-wrap elementor-element-populated\">\n\t\t\t\t\t<div class=\"elementor-background-overlay\"><\/div>\n\t\t\t\t\t\t<div class=\"elementor-element elementor-element-e62fece elementor-widget elementor-widget-spacer\" data-id=\"e62fece\" data-element_type=\"widget\" data-widget_type=\"spacer.default\">\n\t\t\t\t<div class=\"elementor-widget-container\">\n\t\t\t\t\t\t\t<div class=\"elementor-spacer\">\n\t\t\t<div class=\"elementor-spacer-inner\"><\/div>\n\t\t<\/div>\n\t\t\t\t\t\t<\/div>\n\t\t\t\t<\/div>\n\t\t\t\t\t<\/div>\n\t\t<\/div>\n\t\t\t\t\t<\/div>\n\t\t<\/section>\n\t\t\t\t\t<\/div>\n\t\t<\/div>\n\t\t\t\t\t<\/div>\n\t\t<\/section>\n\t\t\t\t<\/div>\n\t\t","protected":false},"excerpt":{"rendered":"<p>Qualit\u00e4tskontrolle Einhaltung beh\u00f6rdlicher Vorgaben Innovative Produktentwicklung Premium-Fertigung Unser Versprechen Unsere Bestrebungen in Sachen Qualit\u00e4tskontrolle st\u00fctzen sich auf drei S\u00e4ulen: Wir bieten unseren Kunden mit den von uns entwickelten, hergestellten und vertriebenen Produkten den h\u00f6chsten Grad an Zufriedenheit. Wir wollen ihre Erwartungen mit innovativer Gestaltung und zuverl\u00e4ssigen, einfach zu verwendenden Produkten zur L\u00f6sung von Alltagsproblemen \u00fcbertreffen. [&hellip;]<\/p>\n","protected":false},"author":1,"featured_media":0,"parent":0,"menu_order":0,"comment_status":"closed","ping_status":"closed","template":"","meta":{"_coblocks_attr":"","_coblocks_dimensions":"","_coblocks_responsive_height":"","_coblocks_accordion_ie_support":"","footnotes":""},"class_list":["post-2793","page","type-page","status-publish","hentry"],"_links":{"self":[{"href":"https:\/\/industex.com\/de\/wp-json\/wp\/v2\/pages\/2793","targetHints":{"allow":["GET"]}}],"collection":[{"href":"https:\/\/industex.com\/de\/wp-json\/wp\/v2\/pages"}],"about":[{"href":"https:\/\/industex.com\/de\/wp-json\/wp\/v2\/types\/page"}],"author":[{"embeddable":true,"href":"https:\/\/industex.com\/de\/wp-json\/wp\/v2\/users\/1"}],"replies":[{"embeddable":true,"href":"https:\/\/industex.com\/de\/wp-json\/wp\/v2\/comments?post=2793"}],"version-history":[{"count":7,"href":"https:\/\/industex.com\/de\/wp-json\/wp\/v2\/pages\/2793\/revisions"}],"predecessor-version":[{"id":3921,"href":"https:\/\/industex.com\/de\/wp-json\/wp\/v2\/pages\/2793\/revisions\/3921"}],"wp:attachment":[{"href":"https:\/\/industex.com\/de\/wp-json\/wp\/v2\/media?parent=2793"}],"curies":[{"name":"wp","href":"https:\/\/api.w.org\/{rel}","templated":true}]}}