{"id":2854,"date":"2021-02-23T11:15:41","date_gmt":"2021-02-23T11:15:41","guid":{"rendered":"https:\/\/www.industex.com\/social-programs\/"},"modified":"2025-06-03T07:00:20","modified_gmt":"2025-06-03T07:00:20","slug":"soziale-programme","status":"publish","type":"page","link":"https:\/\/industex.com\/de\/soziale-programme\/","title":{"rendered":"Soziale Programme"},"content":{"rendered":"\t\t<div data-elementor-type=\"wp-page\" data-elementor-id=\"2854\" class=\"elementor elementor-2854 elementor-19\" data-elementor-post-type=\"page\">\n\t\t\t\t\t\t<section class=\"elementor-section elementor-top-section elementor-element elementor-element-949165c elementor-section-height-min-height elementor-section-boxed elementor-section-height-default elementor-section-items-middle\" data-id=\"949165c\" data-element_type=\"section\" data-settings=\"{&quot;background_background&quot;:&quot;classic&quot;}\">\n\t\t\t\t\t\t<div class=\"elementor-container elementor-column-gap-default\">\n\t\t\t\t\t<div class=\"elementor-column elementor-col-100 elementor-top-column elementor-element elementor-element-9344edf\" data-id=\"9344edf\" data-element_type=\"column\">\n\t\t\t<div class=\"elementor-widget-wrap elementor-element-populated\">\n\t\t\t\t\t\t<section class=\"elementor-section elementor-inner-section elementor-element elementor-element-619abec elementor-section-height-min-height elementor-section-content-middle elementor-section-boxed elementor-section-height-default\" data-id=\"619abec\" data-element_type=\"section\" data-settings=\"{&quot;background_background&quot;:&quot;classic&quot;}\">\n\t\t\t\t\t\t<div class=\"elementor-container elementor-column-gap-default\">\n\t\t\t\t\t<div class=\"elementor-column elementor-col-100 elementor-inner-column elementor-element elementor-element-ccd139d\" data-id=\"ccd139d\" data-element_type=\"column\" data-settings=\"{&quot;background_background&quot;:&quot;classic&quot;}\">\n\t\t\t<div class=\"elementor-widget-wrap elementor-element-populated\">\n\t\t\t\t\t\t<div class=\"elementor-element elementor-element-07eabdb elementor-widget elementor-widget-heading\" data-id=\"07eabdb\" data-element_type=\"widget\" data-widget_type=\"heading.default\">\n\t\t\t\t<div class=\"elementor-widget-container\">\n\t\t\t\t\t<h1 class=\"elementor-heading-title elementor-size-default\">Soziale Programme<\/h1>\t\t\t\t<\/div>\n\t\t\t\t<\/div>\n\t\t\t\t\t<\/div>\n\t\t<\/div>\n\t\t\t\t\t<\/div>\n\t\t<\/section>\n\t\t\t\t\t<\/div>\n\t\t<\/div>\n\t\t\t\t\t<\/div>\n\t\t<\/section>\n\t\t\t\t<section class=\"elementor-section elementor-top-section elementor-element elementor-element-d178689 elementor-section-full_width elementor-section-height-default elementor-section-height-default\" data-id=\"d178689\" data-element_type=\"section\" data-settings=\"{&quot;background_background&quot;:&quot;classic&quot;}\">\n\t\t\t\t\t\t<div class=\"elementor-container elementor-column-gap-default\">\n\t\t\t\t\t<div class=\"elementor-column elementor-col-100 elementor-top-column elementor-element elementor-element-98f48ff\" data-id=\"98f48ff\" data-element_type=\"column\">\n\t\t\t<div class=\"elementor-widget-wrap elementor-element-populated\">\n\t\t\t\t\t\t<section class=\"elementor-section elementor-inner-section elementor-element elementor-element-8a143b9 elementor-section-boxed elementor-section-height-default elementor-section-height-default\" data-id=\"8a143b9\" data-element_type=\"section\">\n\t\t\t\t\t\t<div class=\"elementor-container elementor-column-gap-default\">\n\t\t\t\t\t<div class=\"elementor-column elementor-col-100 elementor-inner-column elementor-element elementor-element-dca274b\" data-id=\"dca274b\" data-element_type=\"column\">\n\t\t\t<div class=\"elementor-widget-wrap elementor-element-populated\">\n\t\t\t\t\t\t<div class=\"elementor-element elementor-element-862f093 elementor-widget elementor-widget-heading\" data-id=\"862f093\" data-element_type=\"widget\" data-widget_type=\"heading.default\">\n\t\t\t\t<div class=\"elementor-widget-container\">\n\t\t\t\t\t<h2 class=\"elementor-heading-title elementor-size-default\">Medizinische Forschung, um Leben zu verbessern<\/h2>\t\t\t\t<\/div>\n\t\t\t\t<\/div>\n\t\t\t\t<div class=\"elementor-element elementor-element-fa0f5cb elementor-widget elementor-widget-text-editor\" data-id=\"fa0f5cb\" data-element_type=\"widget\" data-widget_type=\"text-editor.default\">\n\t\t\t\t<div class=\"elementor-widget-container\">\n\t\t\t\t\t\t\t\t\t<p><span style=\"font-weight: 400;\">Industex hat \u00fcber verschiedene Organisationen wie die Stiftung Pasqual Maragall medizinische Einrichtungen bei der Forschung unterst\u00fctzt,<\/span> Hospital Cl\u00ednic de Barcelona, das Forschungszentrum f\u00fcr Biomedizintechnik (CREB) der Universitat Oberta de Catalunya (UOC) und der Polytechnischen Universit\u00e4t von Katalonien (UPC).<\/p>\t\t\t\t\t\t\t\t<\/div>\n\t\t\t\t<\/div>\n\t\t\t\t\t<\/div>\n\t\t<\/div>\n\t\t\t\t\t<\/div>\n\t\t<\/section>\n\t\t\t\t<section class=\"elementor-section elementor-inner-section elementor-element elementor-element-7e133d4 elementor-section-boxed elementor-section-height-default elementor-section-height-default\" data-id=\"7e133d4\" data-element_type=\"section\">\n\t\t\t\t\t\t<div class=\"elementor-container elementor-column-gap-default\">\n\t\t\t\t\t<div class=\"elementor-column elementor-col-50 elementor-inner-column elementor-element elementor-element-b6b53c2 elementor-invisible\" data-id=\"b6b53c2\" data-element_type=\"column\" data-settings=\"{&quot;animation&quot;:&quot;fadeInUp&quot;}\">\n\t\t\t<div class=\"elementor-widget-wrap elementor-element-populated\">\n\t\t\t\t\t\t<div class=\"elementor-element elementor-element-bf61f68 elementor-widget elementor-widget-tp-info-box\" data-id=\"bf61f68\" data-element_type=\"widget\" data-widget_type=\"tp-info-box.default\">\n\t\t\t\t<div class=\"elementor-widget-container\">\n\t\t\t\t\t<div id=\"info_box69f31a2eec8a2\" class=\"pt_plus_info_box hover_normal    info_box69f31a2eec8a2 info-box-style_3    \"  data-id=\"info_box69f31a2eec8a2\"    data-connection=\"\" data-eventtype=\"\" ><div class=\"post-inner-loop \"><div class=\"info-box-inner content_hover_effect  tp-info-nc\"   ><div class=\"info-box-bg-box    \" ><div class=\"text-left\"><div class=\"service-center  \"><div class=\"info-icon-content\"><img decoding=\"async\" src=\"https:\/\/industex.com\/wp-content\/uploads\/2021\/03\/beaker.svg\" class=\"service-img \" alt=\"beaker\" \/><\/div><h3 class=\"service-title \"> Alzheimerforschung bei der Stiftung Pasqual Maragall <\/h3><div class=\"service-desc\"> <p>Industex hat \u00fcber die Stiftung Pasqual Maragall folgende Initiativen im biomedizinischen Forschungspark Barcelona unterst\u00fctzt:<\/p><ul><li>Gewerbliche Entwicklung innovativer Produkte, um die Lebensqualit\u00e4t von Alzheimerpatienten im Sp\u00e4tstadium zu verbessern.<\/li><li>Klinische Tests von EKG-Diagnoseprotokollen f\u00fcr Alzheimerpatienten<\/li><li>Klinische Tests von Spielen\/Therapiekits zur Verbesserung der emotionalen Verbindung zwischen Alzheimerpatienten im Sp\u00e4tstadium und Pflegepersonen.<\/li><\/ul> <\/div><\/div><\/div><div class=\"infobox-overlay-color\"><\/div><\/div><\/div><\/div><\/div>\t\t\t\t<\/div>\n\t\t\t\t<\/div>\n\t\t\t\t\t<\/div>\n\t\t<\/div>\n\t\t\t\t<div class=\"elementor-column elementor-col-50 elementor-inner-column elementor-element elementor-element-04b06e6 elementor-invisible\" data-id=\"04b06e6\" data-element_type=\"column\" data-settings=\"{&quot;animation&quot;:&quot;fadeInUp&quot;}\">\n\t\t\t<div class=\"elementor-widget-wrap elementor-element-populated\">\n\t\t\t\t\t\t<div class=\"elementor-element elementor-element-9ed675e elementor-widget elementor-widget-tp-info-box\" data-id=\"9ed675e\" data-element_type=\"widget\" data-widget_type=\"tp-info-box.default\">\n\t\t\t\t<div class=\"elementor-widget-container\">\n\t\t\t\t\t<div id=\"info_box69f31a2eed669\" class=\"pt_plus_info_box hover_normal    info_box69f31a2eed669 info-box-style_3    \"  data-id=\"info_box69f31a2eed669\"    data-connection=\"\" data-eventtype=\"\" ><div class=\"post-inner-loop \"><div class=\"info-box-inner content_hover_effect  tp-info-nc\"   ><div class=\"info-box-bg-box    \" ><div class=\"text-left\"><div class=\"service-center  \"><div class=\"info-icon-content\"><img decoding=\"async\" src=\"https:\/\/industex.com\/wp-content\/uploads\/2021\/03\/microscope.svg\" class=\"service-img \" alt=\"microscope\" \/><\/div><h3 class=\"service-title \"> Alzheimer- und Krebsforschung am CREB <\/h3><div class=\"service-desc\"> <p>Industex hat Stipendien f\u00fcr talentierte Forscher bereitgestellt, um deren Arbeit in folgenden Bereichen zu unterst\u00fctzen:<\/p><ul><li>Beurteilung von psychologischen Stimulationstechniken f\u00fcr Alzheimerpatienten mit EEG innerhalb der Abteilung f\u00fcr Biomedizinsysteme im Forschungszentrum f\u00fcr Biomedizintechnik (CREB) der Universitat Oberta de Catalunya (UOC).<\/li><li>Entwicklung neuer Werkzeuge zum Auffinden neuer molekularer Zielscheiben in Lungenkrebszellen basierend auf der Verh\u00e4rtung der Stromata unter der Leitung von Dr. Alexandre Perea i Lluna im Forschungszentrum f\u00fcr Biomedizintechnik (CREB) der Universitat Oberta de Catalunya (UOC).<\/li><\/ul> <\/div><\/div><\/div><div class=\"infobox-overlay-color\"><\/div><\/div><\/div><\/div><\/div>\t\t\t\t<\/div>\n\t\t\t\t<\/div>\n\t\t\t\t\t<\/div>\n\t\t<\/div>\n\t\t\t\t\t<\/div>\n\t\t<\/section>\n\t\t\t\t<section class=\"elementor-section elementor-inner-section elementor-element elementor-element-5c71c22 elementor-section-boxed elementor-section-height-default elementor-section-height-default\" data-id=\"5c71c22\" data-element_type=\"section\">\n\t\t\t\t\t\t<div class=\"elementor-container elementor-column-gap-default\">\n\t\t\t\t\t<div class=\"elementor-column elementor-col-50 elementor-inner-column elementor-element elementor-element-2c3db40 elementor-invisible\" data-id=\"2c3db40\" data-element_type=\"column\" data-settings=\"{&quot;animation&quot;:&quot;fadeInUp&quot;}\">\n\t\t\t<div class=\"elementor-widget-wrap elementor-element-populated\">\n\t\t\t\t\t\t<div class=\"elementor-element elementor-element-dfe642f elementor-widget elementor-widget-tp-info-box\" data-id=\"dfe642f\" data-element_type=\"widget\" data-widget_type=\"tp-info-box.default\">\n\t\t\t\t<div class=\"elementor-widget-container\">\n\t\t\t\t\t<div id=\"info_box69f31a2eeed84\" class=\"pt_plus_info_box hover_normal    info_box69f31a2eeed84 info-box-style_3    \"  data-id=\"info_box69f31a2eeed84\"    data-connection=\"\" data-eventtype=\"\" ><div class=\"post-inner-loop \"><div class=\"info-box-inner content_hover_effect  tp-info-nc\"   ><div class=\"info-box-bg-box    \" ><div class=\"text-left\"><div class=\"service-center  \"><div class=\"info-icon-content\"><img decoding=\"async\" src=\"https:\/\/industex.com\/wp-content\/uploads\/2021\/03\/pill.svg\" class=\"service-img \" alt=\"pill\" \/><\/div><h3 class=\"service-title \"> Zusch\u00fcsse f\u00fcr Doktoranden im Zentrum San Juan de Dios (SJD) <\/h3><div class=\"service-desc\"> <p>Industex hat Stipendien f\u00fcr Post-Doktoranden mitfinanziert f\u00fcr:<\/p><ul><li>Studierende, die Neuronenentwicklung und Stoffwechselkrankheiten untersuchen<\/li><li>Doktoranden des Instituto Carlos III, die schwere Geisteskrankheiten und Krankheitsursachen untersuchen.<\/li><\/ul> <\/div><\/div><\/div><div class=\"infobox-overlay-color\"><\/div><\/div><\/div><\/div><\/div>\t\t\t\t<\/div>\n\t\t\t\t<\/div>\n\t\t\t\t\t<\/div>\n\t\t<\/div>\n\t\t\t\t<div class=\"elementor-column elementor-col-50 elementor-inner-column elementor-element elementor-element-b40396d elementor-invisible\" data-id=\"b40396d\" data-element_type=\"column\" data-settings=\"{&quot;animation&quot;:&quot;fadeInUp&quot;}\">\n\t\t\t<div class=\"elementor-widget-wrap elementor-element-populated\">\n\t\t\t\t\t\t<div class=\"elementor-element elementor-element-51183e0 elementor-widget elementor-widget-tp-info-box\" data-id=\"51183e0\" data-element_type=\"widget\" data-widget_type=\"tp-info-box.default\">\n\t\t\t\t<div class=\"elementor-widget-container\">\n\t\t\t\t\t<div id=\"info_box69f31a2ef00b0\" class=\"pt_plus_info_box hover_normal    info_box69f31a2ef00b0 info-box-style_3    \"  data-id=\"info_box69f31a2ef00b0\"    data-connection=\"\" data-eventtype=\"\" ><div class=\"post-inner-loop \"><div class=\"info-box-inner content_hover_effect  tp-info-nc\"   ><div class=\"info-box-bg-box    \" ><div class=\"text-left\"><div class=\"service-center  \"><div class=\"info-icon-content\"><img decoding=\"async\" src=\"https:\/\/industex.com\/wp-content\/uploads\/2021\/03\/stethoscope.svg\" class=\"service-img \" alt=\"stethoscope\" \/><\/div><h3 class=\"service-title \"> Forschung zu Diabetes und \u00dcbergewicht am Hospital Cl\u00ednic in Barcelona <\/h3><div class=\"service-desc\"> <p>Industex hat die folgenden Forschungsgebiete unterst\u00fctzt:<\/p><ul><li>Studie der mikroRNA-Verteilung von Biomarkern in der fr\u00fchen Diagnose und Prognose unter der Leitung von Dr. Anna Novials, Leiterin des Labors f\u00fcr Diabetes und \u00dcbergewicht am Hospital Cl\u00ednic<\/li><\/ul> <\/div><\/div><\/div><div class=\"infobox-overlay-color\"><\/div><\/div><\/div><\/div><\/div>\t\t\t\t<\/div>\n\t\t\t\t<\/div>\n\t\t\t\t\t<\/div>\n\t\t<\/div>\n\t\t\t\t\t<\/div>\n\t\t<\/section>\n\t\t\t\t<section class=\"elementor-section elementor-inner-section elementor-element elementor-element-8796b4b elementor-section-boxed elementor-section-height-default elementor-section-height-default\" data-id=\"8796b4b\" data-element_type=\"section\">\n\t\t\t\t\t\t<div class=\"elementor-container elementor-column-gap-default\">\n\t\t\t\t\t<div class=\"elementor-column elementor-col-100 elementor-inner-column elementor-element elementor-element-510dd0a\" data-id=\"510dd0a\" data-element_type=\"column\">\n\t\t\t<div class=\"elementor-widget-wrap elementor-element-populated\">\n\t\t\t\t\t\t<div class=\"elementor-element elementor-element-4b15331 elementor-view-default elementor-widget elementor-widget-icon\" data-id=\"4b15331\" data-element_type=\"widget\" data-widget_type=\"icon.default\">\n\t\t\t\t<div class=\"elementor-widget-container\">\n\t\t\t\t\t\t\t<div class=\"elementor-icon-wrapper\">\n\t\t\t<div class=\"elementor-icon\">\n\t\t\t<i aria-hidden=\"true\" class=\"fas fa-leaf\"><\/i>\t\t\t<\/div>\n\t\t<\/div>\n\t\t\t\t\t\t<\/div>\n\t\t\t\t<\/div>\n\t\t\t\t<div class=\"elementor-element elementor-element-728dffe elementor-widget elementor-widget-heading\" data-id=\"728dffe\" data-element_type=\"widget\" data-widget_type=\"heading.default\">\n\t\t\t\t<div class=\"elementor-widget-container\">\n\t\t\t\t\t<h2 class=\"elementor-heading-title elementor-size-default\">Unterst\u00fctzung von Umweltschutz<\/h2>\t\t\t\t<\/div>\n\t\t\t\t<\/div>\n\t\t\t\t<div class=\"elementor-element elementor-element-8eca8bd elementor-widget elementor-widget-text-editor\" data-id=\"8eca8bd\" data-element_type=\"widget\" data-widget_type=\"text-editor.default\">\n\t\t\t\t<div class=\"elementor-widget-container\">\n\t\t\t\t\t\t\t\t\t<p>Industex unterst\u00fctzt auch die gemeinn\u00fctzige Organisation Ecoembes, um deren Umweltinitiativen durch Recycling und \u00f6kologisches Design von Containern in ganz Spanien zu st\u00e4rken.<\/p>\t\t\t\t\t\t\t\t<\/div>\n\t\t\t\t<\/div>\n\t\t\t\t\t<\/div>\n\t\t<\/div>\n\t\t\t\t\t<\/div>\n\t\t<\/section>\n\t\t\t\t\t<\/div>\n\t\t<\/div>\n\t\t\t\t\t<\/div>\n\t\t<\/section>\n\t\t\t\t<\/div>\n\t\t","protected":false},"excerpt":{"rendered":"<p>Soziale Programme Medizinische Forschung, um Leben zu verbessern Industex hat \u00fcber verschiedene Organisationen wie die Stiftung Pasqual Maragall medizinische Einrichtungen bei der Forschung unterst\u00fctzt, Hospital Cl\u00ednic de Barcelona, das Forschungszentrum f\u00fcr Biomedizintechnik (CREB) der Universitat Oberta de Catalunya (UOC) und der Polytechnischen Universit\u00e4t von Katalonien (UPC). Alzheimerforschung bei der Stiftung Pasqual Maragall Industex hat \u00fcber [&hellip;]<\/p>\n","protected":false},"author":1,"featured_media":0,"parent":0,"menu_order":0,"comment_status":"closed","ping_status":"closed","template":"","meta":{"_coblocks_attr":"","_coblocks_dimensions":"","_coblocks_responsive_height":"","_coblocks_accordion_ie_support":"","footnotes":""},"class_list":["post-2854","page","type-page","status-publish","hentry"],"_links":{"self":[{"href":"https:\/\/industex.com\/de\/wp-json\/wp\/v2\/pages\/2854","targetHints":{"allow":["GET"]}}],"collection":[{"href":"https:\/\/industex.com\/de\/wp-json\/wp\/v2\/pages"}],"about":[{"href":"https:\/\/industex.com\/de\/wp-json\/wp\/v2\/types\/page"}],"author":[{"embeddable":true,"href":"https:\/\/industex.com\/de\/wp-json\/wp\/v2\/users\/1"}],"replies":[{"embeddable":true,"href":"https:\/\/industex.com\/de\/wp-json\/wp\/v2\/comments?post=2854"}],"version-history":[{"count":10,"href":"https:\/\/industex.com\/de\/wp-json\/wp\/v2\/pages\/2854\/revisions"}],"predecessor-version":[{"id":4838,"href":"https:\/\/industex.com\/de\/wp-json\/wp\/v2\/pages\/2854\/revisions\/4838"}],"wp:attachment":[{"href":"https:\/\/industex.com\/de\/wp-json\/wp\/v2\/media?parent=2854"}],"curies":[{"name":"wp","href":"https:\/\/api.w.org\/{rel}","templated":true}]}}