{"id":2892,"date":"2021-03-08T11:45:15","date_gmt":"2021-03-08T11:45:15","guid":{"rendered":"https:\/\/www.industex.com\/terms-and-conditions\/"},"modified":"2021-05-17T08:52:10","modified_gmt":"2021-05-17T08:52:10","slug":"geschaftsbedingungen","status":"publish","type":"page","link":"https:\/\/industex.com\/de\/geschaftsbedingungen\/","title":{"rendered":"Gesch\u00e4ftsbedingungen"},"content":{"rendered":"\t\t<div data-elementor-type=\"wp-page\" data-elementor-id=\"2892\" class=\"elementor elementor-2892 elementor-1458\" data-elementor-post-type=\"page\">\n\t\t\t\t\t\t<section class=\"elementor-section elementor-top-section elementor-element elementor-element-b0d86e4 elementor-section-boxed elementor-section-height-default elementor-section-height-default\" data-id=\"b0d86e4\" data-element_type=\"section\">\n\t\t\t\t\t\t<div class=\"elementor-container elementor-column-gap-default\">\n\t\t\t\t\t<div class=\"elementor-column elementor-col-100 elementor-top-column elementor-element elementor-element-323d8c5\" data-id=\"323d8c5\" data-element_type=\"column\">\n\t\t\t<div class=\"elementor-widget-wrap elementor-element-populated\">\n\t\t\t\t\t\t<div class=\"elementor-element elementor-element-a7714c9 elementor-widget elementor-widget-heading\" data-id=\"a7714c9\" data-element_type=\"widget\" data-widget_type=\"heading.default\">\n\t\t\t\t<div class=\"elementor-widget-container\">\n\t\t\t\t\t<h1 class=\"elementor-heading-title elementor-size-default\">Gesch\u00e4ftsbedingungen<\/h1>\t\t\t\t<\/div>\n\t\t\t\t<\/div>\n\t\t\t\t<div class=\"elementor-element elementor-element-971e47a elementor-widget elementor-widget-text-editor\" data-id=\"971e47a\" data-element_type=\"widget\" data-widget_type=\"text-editor.default\">\n\t\t\t\t<div class=\"elementor-widget-container\">\n\t\t\t\t\t\t\t\t\t<p>In Erf\u00fcllung der Informationsverpflichtung gem\u00e4\u00df Gesetz 34\/2002 \u00fcber Leistungen der Informationsgesellschaft und elektronischen Handel (LSSI-CE) vom 11. Juli stellen wir Ihnen die folgenden allgemeinen Informationen zu dieser Website bereit:<\/p><p>Diese Website ist Eigentum von INDUSTEX, S.L. mit Sitz in Av. dels Pa\u00efsos Catalans, 34, Floor 8, 08950 Esplugues de Llobregat (Barcelona), Spanien.<\/p><p>Steuernummer: B08984056.<\/p><p>Kontakttelefonnummer: +34 93 254 41 00<\/p><p>Kontakt-E-Mail-Adresse: industex@industex.com<\/p><p>Gesch\u00e4ftsf\u00fchrer des Unternehmens ist Herr Philip Bouldstridge Balari.<\/p><p>REGISTRIERUNGSDATEN IM HANDELSREGISTER:<\/p><p>ORIGINAL: Band 6272 Blatt 153 Buch 5560 Anonyme Abteilung<\/p><p>ZULETZT: Band 44601 Blatt 72 Bogen B-44255 28. EINTRAGUNG<\/p><p><b>NUTZUNGSBEDINGUNGEN DIESER WEBSITE<\/b><\/p><p>Diese Nutzungsbedingungen regeln den Zugriff auf die und die Nutzung der Website www.industex.com. Der Zugriff auf diese Website und die Nutzung derselben liegt in der alleinigen Verantwortung des Nutzers, dessen Zustimmung zu diesen Nutzungsbedingungen, der Datenschutzerkl\u00e4rung und der Nutzung der hierin genannten Daten Voraussetzung ist.<\/p><p>INDUSTEX, S.L. beh\u00e4lt sich das Recht vor, diese Nutzungsbedingungen jederzeit im eigenen Ermessen mit oder ohne Vorank\u00fcndigung zu \u00e4ndern. Die jeweils aktuellste Fassung der Nutzungsbedingungen ist auf der Website zu finden und ersetzt alle fr\u00fcheren Fassungen.<\/p><p>Es liegt in Ihrer Verantwortung, diese bei jedem Zugriff auf die Website zu lesen und zu \u00fcberpr\u00fcfen, um hinsichtlich m\u00f6glicher \u00c4nderungen auf dem Laufenden zu sein, da diese Ihre Rechte betreffen.<\/p><p><b>IHRE DATEN UND IHRE BESUCHE AUF DIESER WEBSITE<\/b><\/p><p>Die Informationen oder personenbezogenen Daten, die Sie von sich bereitstellen, werden in \u00dcbereinstimmung mit der Datenschutz- und Cookie-Erkl\u00e4rung verarbeitet. Durch Nutzung dieser Website stimmen Sie der Verarbeitung dieser Informationen und Daten zu und erkl\u00e4ren, dass alle von Ihnen bereitgestellten Daten bzw. Informationen korrekt und wahrheitsgem\u00e4\u00df sind.<\/p><p><b>GEISTIGES UND GEWERBLICHES EIGENTUM<\/b><\/p><p>Die Inhalte dieser Website, wie beispielsweise das Design des Portals und seine Quellcodes, Bilder, Texte, Software, Fotografien, Ger\u00e4usche, Musik, Videos, interaktive und verbundene Elemente (\u201eInhalt\u201c), Handelsmarken und Logos (\u201eMarken\u201c), sowie jegliche sonstigen gewerblichen oder geistigen Urheberrechte auf dieser Website, sind Eigentum von INDUSTEX, S.L. und\/oder wurden an INDUSTEX, S.L. lizenziert und unterliegen dem Schutz der jeweiligen geistigen und gewerblichen Eigentumsrechte.<\/p><p>Sie werden hiermit auch dar\u00fcber in Kenntnis gesetzt, dass die vollst\u00e4ndige bzw. teilweise Wiedergabe von auf dieser Website ver\u00f6ffentlichten Inhalten ohne vorherige Zustimmung des Unternehmens untersagt ist. Ebenso sind m\u00f6glicherweise auf der Website ver\u00f6ffentlichte Daten und Formulare Eigentum des Unternehmens und unterliegen dem Schutz der jeweiligen Urheber- und\/oder geistigen Eigentumsrechte.<\/p><p><b>HAFTUNG F\u00dcR DEN INHALT<\/b><\/p><p>INDUSTEX, SL haftet nicht f\u00fcr die Rechtm\u00e4\u00dfigkeit anderer externer Websites, von denen aus auf die Website zugegriffen werden kann.<\/p><p>Das Unternehmen beh\u00e4lt sich das Recht vor, \u00c4nderungen an der Website ohne Vorank\u00fcndigung vorzunehmen, um die Informationen auf dem neuesten Stand zu halten.<\/p><p>Das Unternehmen haftet nicht f\u00fcr die Nutzung der auf diesem Portal ver\u00f6ffentlichten Informationen durch Drittparteien.<\/p><p><b>VIREN, PIRATERIE UND SONSTIGE COMPUTERANGRIFFE<\/b><\/p><p>Sie d\u00fcrfen diese Website nicht missbrauchen, indem Sie absichtlich Viren, Trojaner, W\u00fcrmer, logische Bomben oder sonstige technologisch sch\u00e4dliche oder sch\u00e4digende Programme oder Materialien in diese Website einbringen. Es ist Ihnen untersagt, zu versuchen, nicht autorisierten Zugriff auf diese Website, den Server, auf dem die Website gehostet wird, oder sonstige Server, Computer oder Datenbanken im Zusammenhang mit unserer Website, zu erlangen. Sie erkl\u00e4ren sich damit einverstanden, diese Website nicht durch eine Denial-of-Service-Attacke oder eine dezentralisierte Denial-of-Service-Attacke anzugreifen.<\/p><p>Ein Versto\u00df gegen diese Klausel kann unter dem anwendbaren Gesetz Gesetzes\u00fcberschreitungen zur Folge haben. Wir melden jeden Versto\u00df gegen diese Vorschriften an die zust\u00e4ndigen Beh\u00f6rden und arbeiten mit diesen zur Aufkl\u00e4rung der Identit\u00e4t des Angreifers zusammen. Dar\u00fcber hinaus wird Ihnen im Falle eines Versto\u00dfes gegen diese Klausel die Genehmigung zur Nutzung dieser Website unverz\u00fcglich entzogen.<\/p><p>Wir haften nicht f\u00fcr Sch\u00e4den oder Verluste aufgrund einer Denial-of-Service-Attacke, von Viren oder sonstigen technologisch sch\u00e4dlichen oder sch\u00e4digenden Programmen oder Materialien, die Ihren Computer, Ihre Computerausr\u00fcstung, Ihre Daten oder Materialien in Folge der Nutzung dieser Website oder des Downloads von Inhalten von der Website oder einer Weiterleitung ggf. beeintr\u00e4chtigen.<\/p><p><b>GELTENDES GESETZ<\/b><\/p><p>Diese Nutzungsbedingungen und die Datenschutzerkl\u00e4rung unterliegen dem spanischen Gesetz und sind demgem\u00e4\u00df auszulegen. Die spanische Fassung dieser Nutzungsbedingungen und der Datenschutzerkl\u00e4rung hat Vorrang vor jeglicher m\u00f6glicherweise bereitgestellten \u00dcbersetzung in eine andere Sprache. Im Falle der Nichtigkeit einer der Bestimmungen ist diese zu entfernen. Die \u00fcbrigen Bestimmungen behalten jedoch weiterhin ihre volle Kraft und Wirksamkeit.<\/p><p>Letzte Aktualisierung: 25.11.2020<\/p>\t\t\t\t\t\t\t\t<\/div>\n\t\t\t\t<\/div>\n\t\t\t\t\t<\/div>\n\t\t<\/div>\n\t\t\t\t\t<\/div>\n\t\t<\/section>\n\t\t\t\t<\/div>\n\t\t","protected":false},"excerpt":{"rendered":"<p>Gesch\u00e4ftsbedingungen In Erf\u00fcllung der Informationsverpflichtung gem\u00e4\u00df Gesetz 34\/2002 \u00fcber Leistungen der Informationsgesellschaft und elektronischen Handel (LSSI-CE) vom 11. Juli stellen wir Ihnen die folgenden allgemeinen Informationen zu dieser Website bereit: Diese Website ist Eigentum von INDUSTEX, S.L. mit Sitz in Av. dels Pa\u00efsos Catalans, 34, Floor 8, 08950 Esplugues de Llobregat (Barcelona), Spanien. Steuernummer: B08984056. [&hellip;]<\/p>\n","protected":false},"author":1,"featured_media":0,"parent":0,"menu_order":0,"comment_status":"closed","ping_status":"closed","template":"","meta":{"_coblocks_attr":"","_coblocks_dimensions":"","_coblocks_responsive_height":"","_coblocks_accordion_ie_support":"","footnotes":""},"class_list":["post-2892","page","type-page","status-publish","hentry"],"_links":{"self":[{"href":"https:\/\/industex.com\/de\/wp-json\/wp\/v2\/pages\/2892","targetHints":{"allow":["GET"]}}],"collection":[{"href":"https:\/\/industex.com\/de\/wp-json\/wp\/v2\/pages"}],"about":[{"href":"https:\/\/industex.com\/de\/wp-json\/wp\/v2\/types\/page"}],"author":[{"embeddable":true,"href":"https:\/\/industex.com\/de\/wp-json\/wp\/v2\/users\/1"}],"replies":[{"embeddable":true,"href":"https:\/\/industex.com\/de\/wp-json\/wp\/v2\/comments?post=2892"}],"version-history":[{"count":7,"href":"https:\/\/industex.com\/de\/wp-json\/wp\/v2\/pages\/2892\/revisions"}],"predecessor-version":[{"id":4043,"href":"https:\/\/industex.com\/de\/wp-json\/wp\/v2\/pages\/2892\/revisions\/4043"}],"wp:attachment":[{"href":"https:\/\/industex.com\/de\/wp-json\/wp\/v2\/media?parent=2892"}],"curies":[{"name":"wp","href":"https:\/\/api.w.org\/{rel}","templated":true}]}}