{"id":4071,"date":"2021-05-10T13:26:47","date_gmt":"2021-05-10T13:26:47","guid":{"rendered":"https:\/\/www.industex.com\/cookies-policy\/"},"modified":"2021-05-19T14:28:58","modified_gmt":"2021-05-19T14:28:58","slug":"cookies-policy","status":"publish","type":"page","link":"https:\/\/industex.com\/de\/cookies-policy\/","title":{"rendered":"Cookies Policy"},"content":{"rendered":"\t\t<div data-elementor-type=\"wp-page\" data-elementor-id=\"4071\" class=\"elementor elementor-4071 elementor-3994\" data-elementor-post-type=\"page\">\n\t\t\t\t\t\t<section class=\"elementor-section elementor-top-section elementor-element elementor-element-3ba7a228 elementor-section-boxed elementor-section-height-default elementor-section-height-default\" data-id=\"3ba7a228\" data-element_type=\"section\">\n\t\t\t\t\t\t<div class=\"elementor-container elementor-column-gap-default\">\n\t\t\t\t\t<div class=\"elementor-column elementor-col-100 elementor-top-column elementor-element elementor-element-4e21149c\" data-id=\"4e21149c\" data-element_type=\"column\">\n\t\t\t<div class=\"elementor-widget-wrap elementor-element-populated\">\n\t\t\t\t\t\t<div class=\"elementor-element elementor-element-3606c68 elementor-widget elementor-widget-heading\" data-id=\"3606c68\" data-element_type=\"widget\" data-widget_type=\"heading.default\">\n\t\t\t\t<div class=\"elementor-widget-container\">\n\t\t\t\t\t<h1 class=\"elementor-heading-title elementor-size-default\">Cookies Policy<\/h1>\t\t\t\t<\/div>\n\t\t\t\t<\/div>\n\t\t\t\t<div class=\"elementor-element elementor-element-63081d74 elementor-widget elementor-widget-text-editor\" data-id=\"63081d74\" data-element_type=\"widget\" data-widget_type=\"text-editor.default\">\n\t\t\t\t<div class=\"elementor-widget-container\">\n\t\t\t\t\t\t\t\t\t<h3><b>\u00dcber diese Cookie-Erkl\u00e4rung<\/b><\/h3><p>Diese Cookie-Erkl\u00e4rung erl\u00e4utert, was Cookies sind und wie wir sie verwenden, die Arten der von uns verwendeten Cookies, d. h., welche Informationen wir mithilfe von Cookies erfassen, und wie diese Informationen verwendet werden. Au\u00dferdem erfahren Sie, wie Sie die Cookie-Einstellungen steuern bzw. wie Sie individuelle Datenschutzeinstellungen vornehmen k\u00f6nnen. Weitere Informationen dazu, wie wir Ihre personenbezogenen Daten nutzen, speichern und sichern, finden Sie in unserer Datenschutzerkl\u00e4rung.<\/p><p>Sie k\u00f6nnen Ihre Zustimmung aus der Cookie-Erkl\u00e4rung auf unserer Website jederzeit \u00e4ndern bzw. widerrufen.<\/p><p>In unserer Datenschutzerkl\u00e4rung erfahren Sie mehr dar\u00fcber, wer wir sind, wie Sie mit uns Kontakt aufnehmen k\u00f6nnen und wie wir personenbezogene Daten verarbeiten.<\/p><p>Ihre Zustimmung gilt f\u00fcr die folgenden Domain: www.industex.com<\/p><p>Ihr aktueller Status: Keine Zustimmung erteilt.<\/p><p>\u00a0<\/p><div class=\"cli_user_consent_state\">Dein aktueller Status: Keine Einwilligung erteilt. <a class=\"cli_manage_current_consent\" style=\"cursor:pointer;text-decoration:underline;\">Verwalte deine Einwilligung<\/a> <\/div><h3><b>Was sind Cookies?<\/b><\/h3><p>Cookies sind kleine Textdateien, in denen kleine Informationsfragmente gespeichert werden. Sie werden auf Ihrem Ger\u00e4t gespeichert, wenn die Website in Ihrem Browser geladen wird. Diese Cookies sorgen daf\u00fcr, dass die Website korrekt funktioniert. Sie machen sie sicherer, bieten ein besseres Benutzererlebnis und helfen uns dabei, zu verstehen, wie die Website genutzt wird, und zu analysieren, was gut funktioniert und wo Verbesserungen notwendig sind.<\/p><h3><b>Wie nutzen wir Cookies?<\/b><\/h3><p>Wie die meisten Online-Dienste bzw. Anbieter verwendet unsere Website Erstanbieter-Cookies und Cookies Dritter zu verschiedenen Zwecken. Erstanbieter-Cookies sind haupts\u00e4chlich notwendig, damit die Website korrekt funktioniert. Diese Cookies erfassen keine identifizierbaren personenbezogenen Daten von Ihnen.<\/p><p>Die Cookies Dritter, die auf unserer Website eingesetzt werden, dienen haupts\u00e4chlich dazu, zu verstehen, wie die Website genutzt wird, wie Sie mit unserer Website interagieren, unsere Services sicher zu halten, f\u00fcr Sie relevante Anzeigen anzuzeigen und Ihnen im Allgemeinen ein besseres Benutzererlebnis und verbesserte Funktionsweise zu bieten und Ihre zuk\u00fcnftigen Interaktionen auf unserer Website zu beschleunigen.<\/p><h3><b>Welche Arten von Cookies setzen wir ein?<\/b><\/h3><p>Unbedingt erforderliche Cookies: Manche Cookies sind erforderlich, um wesentliche Funktionen unserer Website zu gew\u00e4hrleisten. Sie erm\u00f6glichen es uns, Benutzersitzungen zu unterhalten und Sicherheitsbedrohungen zu verhindern. Sie sammeln bzw. speichern keinerlei personenbezogene Informationen. Diese Cookies erlauben es Ihnen beispielsweise, sich auf Ihrem Konto anzumelden, Produkte in Ihren Einkaufskorb zu legen und sicher zur Kasse zu gehen.<\/p><p>Statistische Cookies: Diese Cookies speichern Informationen wie die Anzahl der Besucher auf der Website, die Anzahl einmaliger Besucher, welche Seiten der Website besucht wurden, den Ursprung des Besuchs usw. Diese Daten helfen uns dabei, zu verstehen und zu analysieren, wie gut die Website funktioniert und wo Verbesserungen notwendig sind.<\/p><p>Marketing-Cookies: Unsere Website zeigt Werbeanzeigen an. Diese Cookies werden verwendet, um die Werbeanzeigen, die wir Ihnen anzeigen, pers\u00f6nlich auf Sie abzustimmen, damit sie f\u00fcr Sie aussagekr\u00e4ftig sind. Diese Cookies helfen uns auch dabei, die Wirksamkeit dieser Anzeigekampagnen zu verfolgen.<\/p><p>Die in diesen Cookies gespeicherten Informationen k\u00f6nnen auch von externen Werbeanbietern verwendet werden, um Ihnen Anzeigen auch auf anderen Websites im Browser anzuzeigen.<\/p><p>Funktionale Cookies: Diese Cookies unterst\u00fctzen gewisse nicht technisch notwendige Funktionalit\u00e4ten auf unserer Website. Zu diesen Funktionalit\u00e4ten geh\u00f6ren das Einbetten von Inhalten wie Videos oder das Freigeben von Inhalten der Website auf Social-Media-Plattformen.<\/p><p>Pr\u00e4ferenz-Cookies: Mit diesen Cookies k\u00f6nnen wir Ihre Einstellungen und Pr\u00e4ferenzen beim Browsen (wie z.\u00a0B. Spracheinstellungen) speichern, damit Sie bei zuk\u00fcnftigen Besuchen der Website ein besseres und effizienteres Benutzererlebnis haben.<\/p><p>Die nachstehende Liste enth\u00e4lt die auf unserer Website verwendeten Cookies:<\/p><p>\u00a0<\/p><table><tbody><tr><td><b>Cookie name<\/b><\/td><td><b>Domain<\/b><\/td><td><b>Typ<\/b><\/td><td><b>Zweck<\/b><\/td><td><b>Dauer<\/b><\/td><\/tr><tr><td>NID<\/td><td>.<a href=\"https:\/\/owa.industex.com\/owa\/sec.marina@industex.com\/redir.aspx?C=t2SZJ4-vutwjwshbZ4pQ9-KF3qrityaNpwgoImofjeZE5rNWjRDZCA..&amp;URL=http%3a%2f%2fgoogle.com\">google.com<\/a><\/td><td>Marketing<\/td><td>Dieses Cookie wird zum Erstellen eines Profils basierend auf den Interessen der Nutzer und Anzeigen von pers\u00f6nlich auf die Nutzer abgestimmten Werbeanzeigen verwendet.<\/td><td>6 Monate<\/td><\/tr><tr><td>wpml_browser_redirect_test<\/td><td><a href=\"https:\/\/owa.industex.com\/owa\/sec.marina@industex.com\/redir.aspx?C=dqA7CcXi5f81D_n8dqQTdMZumD6c3jzQfb8-_KBlzrxE5rNWjRDZCA..&amp;URL=http%3a%2f%2fwww.industex.com\">www.industex.com<\/a><\/td><td>Funktional<\/td><td>Dieses Cookie wird durch den WPML WordPress-Plugin abgelegt. Es wird verwendet, um zu \u00fcberpr\u00fcfen, ob Cookies im Browser aktiviert sind.<\/td><td>Sitzung<\/td><\/tr><tr><td>_icl_visitor_lang_js<\/td><td><a href=\"https:\/\/owa.industex.com\/owa\/sec.marina@industex.com\/redir.aspx?C=dqA7CcXi5f81D_n8dqQTdMZumD6c3jzQfb8-_KBlzrxE5rNWjRDZCA..&amp;URL=http%3a%2f%2fwww.industex.com\">www.industex.com<\/a><\/td><td>Funktional<\/td><td>Dieses Cookie wird vom WPML WordPress-Plugin gespeichert. Zweck dieses Cookies ist es, die weitergeleitete Sprache zu speichern.<\/td><td>1 Tag<\/td><\/tr><tr><td>_tccl_visitor<\/td><td><a href=\"https:\/\/owa.industex.com\/owa\/sec.marina@industex.com\/redir.aspx?C=dqA7CcXi5f81D_n8dqQTdMZumD6c3jzQfb8-_KBlzrxE5rNWjRDZCA..&amp;URL=http%3a%2f%2fwww.industex.com\">www.industex.com<\/a><\/td><td>Performance<\/td><td>Dieses Cookie wird vom Webhosting-Anbieter GoDaddy abgelegt. Es handelt sich um ein dauerhaftes Cookie, das zur \u00dcberwachung der Nutzungsperformance der Website verwendet wird.<\/td><td>1 Jahr<\/td><\/tr><tr><td>_tccl_visit<\/td><td><a href=\"https:\/\/owa.industex.com\/owa\/sec.marina@industex.com\/redir.aspx?C=dqA7CcXi5f81D_n8dqQTdMZumD6c3jzQfb8-_KBlzrxE5rNWjRDZCA..&amp;URL=http%3a%2f%2fwww.industex.com\">www.industex.com<\/a><\/td><td>Performance<\/td><td>Dieses Cookie wird vom Webhosting-Anbieter GoDaddy abgelegt. Es handelt sich um ein dauerhaftes Cookie, das zur \u00dcberwachung der Nutzungsperformance der Website verwendet wird.<\/td><td>30 mins.<\/td><\/tr><tr><td>cookielawinfo-checbox-analytics<\/td><td><a href=\"https:\/\/owa.industex.com\/owa\/sec.marina@industex.com\/redir.aspx?C=dqA7CcXi5f81D_n8dqQTdMZumD6c3jzQfb8-_KBlzrxE5rNWjRDZCA..&amp;URL=http%3a%2f%2fwww.industex.com\">www.industex.com<\/a><\/td><td>Unbedingt erforderlich<\/td><td>Dieses Cookie wird vom DSGVO-Plugin f\u00fcr die Cookie-Zustimmung gespeichert. Dieses Cookie speichert die Benutzerzustimmung f\u00fcr die Cookies in der Kategorie &#8222;Analyse&#8220;.<\/td><td>11 Monate<\/td><\/tr><tr><td>cookielawinfo-checbox-functional<\/td><td><a href=\"https:\/\/owa.industex.com\/owa\/sec.marina@industex.com\/redir.aspx?C=dqA7CcXi5f81D_n8dqQTdMZumD6c3jzQfb8-_KBlzrxE5rNWjRDZCA..&amp;URL=http%3a%2f%2fwww.industex.com\">www.industex.com<\/a><\/td><td>Unbedingt erforderlich<\/td><td>Dieses Cookie wird vom DSGVO-Plugin f\u00fcr Cookie-Zustimmung abgelegt, um die Benutzerzustimmung f\u00fcr die Cookies in der Kategorie &#8222;Funktional&#8220; aufzuzeichnen.<\/td><td>11 Monate<\/td><\/tr><tr><td>cookielawinfo-checbox-others<\/td><td><a href=\"https:\/\/owa.industex.com\/owa\/sec.marina@industex.com\/redir.aspx?C=dqA7CcXi5f81D_n8dqQTdMZumD6c3jzQfb8-_KBlzrxE5rNWjRDZCA..&amp;URL=http%3a%2f%2fwww.industex.com\">www.industex.com<\/a><\/td><td>Unbedingt erforderlich<\/td><td>Dieses Cookie wird vom DSGVO-Plugin f\u00fcr die Cookie-Zustimmung gespeichert. Dieses Cookie speichert die Benutzerzustimmung f\u00fcr die Cookies in der Kategorie &#8222;Sonstige&#8220;.<\/td><td>11 Monate<\/td><\/tr><tr><td>cookielawinfo-checkbox-necessary<\/td><td><a href=\"https:\/\/owa.industex.com\/owa\/sec.marina@industex.com\/redir.aspx?C=dqA7CcXi5f81D_n8dqQTdMZumD6c3jzQfb8-_KBlzrxE5rNWjRDZCA..&amp;URL=http%3a%2f%2fwww.industex.com\">www.industex.com<\/a><\/td><td>Unbedingt erforderlich<\/td><td>Dieses Cookie wird vom DSGVO-Plugin f\u00fcr die Cookie-Zustimmung gespeichert. Dieses Cookie speichert die Benutzerzustimmung f\u00fcr die Cookies in der Kategorie &#8222;Notwendig&#8220;.<\/td><td>11 Monate<\/td><\/tr><tr><td>cookielawinfo-checkbox-performance<\/td><td><a href=\"https:\/\/owa.industex.com\/owa\/sec.marina@industex.com\/redir.aspx?C=dqA7CcXi5f81D_n8dqQTdMZumD6c3jzQfb8-_KBlzrxE5rNWjRDZCA..&amp;URL=http%3a%2f%2fwww.industex.com\">www.industex.com<\/a><\/td><td>Unbedingt erforderlich<\/td><td>Dieses Cookie wird vom DSGVO-Plugin f\u00fcr die Cookie-Zustimmung gespeichert. Dieses Cookie speichert die Benutzerzustimmung f\u00fcr die Cookies in der Kategorie &#8222;Performance&#8220;.<\/td><td>11 Monate<\/td><\/tr><\/tbody><\/table><p><!--[cookie_audit columns=\"cookie,description\" heading=\"The below list details the cookies used in our website.\"]<\/div>\n<p>--><\/p><h3><b>Wie kann ich individuelle Datenschutzeinstellungen vornehmen?<\/b><\/h3><p>Falls Sie sich dazu entscheiden, Ihre Einstellungen sp\u00e4ter w\u00e4hrend Ihrer Browser-Sitzung zu \u00e4ndern, k\u00f6nnen Sie die Schaltfl\u00e4che &#8222;Cookie-Erkl\u00e4rung&#8220; auf Ihrem Bildschirm anklicken. Dadurch wird der Zustimmungshinweis erneut angezeigt und Sie k\u00f6nnen Ihre Einstellungen \u00e4ndern oder Ihre Zustimmung vollst\u00e4ndig widerrufen.<\/p><p>Dar\u00fcber hinaus bieten die verschiedenen Browser unterschiedliche Methoden, um von Websites verwendete Cookies zu blockieren und zu l\u00f6schen. Sie k\u00f6nnen die Einstellungen Ihres Browsers \u00e4ndern, um Cookies zu blockieren\/l\u00f6schen. Weitere Informationen zum Verwalten und L\u00f6schen von Cookies finden Sie auf wikipedia.org, https:\/\/www.allaboutcookies.org\/ge\/.<\/p><p>\u00a0<\/p>\t\t\t\t\t\t\t\t<\/div>\n\t\t\t\t<\/div>\n\t\t\t\t\t<\/div>\n\t\t<\/div>\n\t\t\t\t\t<\/div>\n\t\t<\/section>\n\t\t\t\t<\/div>\n\t\t","protected":false},"excerpt":{"rendered":"<p>Cookies Policy \u00dcber diese Cookie-Erkl\u00e4rung Diese Cookie-Erkl\u00e4rung erl\u00e4utert, was Cookies sind und wie wir sie verwenden, die Arten der von uns verwendeten Cookies, d. h., welche Informationen wir mithilfe von Cookies erfassen, und wie diese Informationen verwendet werden. Au\u00dferdem erfahren Sie, wie Sie die Cookie-Einstellungen steuern bzw. wie Sie individuelle Datenschutzeinstellungen vornehmen k\u00f6nnen. Weitere Informationen [&hellip;]<\/p>\n","protected":false},"author":1,"featured_media":0,"parent":0,"menu_order":0,"comment_status":"closed","ping_status":"closed","template":"","meta":{"_coblocks_attr":"","_coblocks_dimensions":"","_coblocks_responsive_height":"","_coblocks_accordion_ie_support":"","footnotes":""},"class_list":["post-4071","page","type-page","status-publish","hentry"],"_links":{"self":[{"href":"https:\/\/industex.com\/de\/wp-json\/wp\/v2\/pages\/4071","targetHints":{"allow":["GET"]}}],"collection":[{"href":"https:\/\/industex.com\/de\/wp-json\/wp\/v2\/pages"}],"about":[{"href":"https:\/\/industex.com\/de\/wp-json\/wp\/v2\/types\/page"}],"author":[{"embeddable":true,"href":"https:\/\/industex.com\/de\/wp-json\/wp\/v2\/users\/1"}],"replies":[{"embeddable":true,"href":"https:\/\/industex.com\/de\/wp-json\/wp\/v2\/comments?post=4071"}],"version-history":[{"count":9,"href":"https:\/\/industex.com\/de\/wp-json\/wp\/v2\/pages\/4071\/revisions"}],"predecessor-version":[{"id":4130,"href":"https:\/\/industex.com\/de\/wp-json\/wp\/v2\/pages\/4071\/revisions\/4130"}],"wp:attachment":[{"href":"https:\/\/industex.com\/de\/wp-json\/wp\/v2\/media?parent=4071"}],"curies":[{"name":"wp","href":"https:\/\/api.w.org\/{rel}","templated":true}]}}