{"id":4556,"date":"2023-11-21T12:56:27","date_gmt":"2023-11-21T12:56:27","guid":{"rendered":"https:\/\/www.industex.com\/?page_id=4556"},"modified":"2023-11-21T14:37:55","modified_gmt":"2023-11-21T14:37:55","slug":"interner-meldekanal","status":"publish","type":"page","link":"https:\/\/industex.com\/de\/interner-meldekanal\/","title":{"rendered":"Interner Meldekanal \u00a0"},"content":{"rendered":"\t\t<div data-elementor-type=\"wp-page\" data-elementor-id=\"4556\" class=\"elementor elementor-4556 elementor-4554\" data-elementor-post-type=\"page\">\n\t\t\t\t\t\t<section class=\"elementor-section elementor-top-section elementor-element elementor-element-20feb912 elementor-section-boxed elementor-section-height-default elementor-section-height-default\" data-id=\"20feb912\" data-element_type=\"section\">\n\t\t\t\t\t\t<div class=\"elementor-container elementor-column-gap-default\">\n\t\t\t\t\t<div class=\"elementor-column elementor-col-100 elementor-top-column elementor-element elementor-element-489694d2\" data-id=\"489694d2\" data-element_type=\"column\">\n\t\t\t<div class=\"elementor-widget-wrap elementor-element-populated\">\n\t\t\t\t\t\t<div class=\"elementor-element elementor-element-1c2ecc9 elementor-widget elementor-widget-heading\" data-id=\"1c2ecc9\" data-element_type=\"widget\" data-widget_type=\"heading.default\">\n\t\t\t\t<div class=\"elementor-widget-container\">\n\t\t\t\t\t<h2 class=\"elementor-heading-title elementor-size-default\">Interner Meldekanal<\/h2>\t\t\t\t<\/div>\n\t\t\t\t<\/div>\n\t\t\t\t<div class=\"elementor-element elementor-element-66ddde06 elementor-widget elementor-widget-text-editor\" data-id=\"66ddde06\" data-element_type=\"widget\" data-widget_type=\"text-editor.default\">\n\t\t\t\t<div class=\"elementor-widget-container\">\n\t\t\t\t\t\t\t\t\t\n<p>Unser interner Meldekanal ist ein Kommunikationsmittel, das es Mitarbeitern und anderen Personen erm\u00f6glicht, Unregelm\u00e4\u00dfigkeiten oder vermutete Unregelm\u00e4\u00dfigkeiten in Unternehmen der Gruppe direkt, sicher, vertraulich und anonym an INDUSTEX und die ISL-Gruppe zu melden. &nbsp; \u00dcber den internen Meldekanal kann jede Person einen Bericht\/eine Mitteilung \u00fcber die Nichteinhaltung von Vorschriften durch Unternehmen, die der ISL-Gruppe angeh\u00f6ren, und\/oder deren Mitarbeiter\/Mitarbeiter einreichen. &nbsp; <\/p>\n\n\n\n<p><strong>Wann sollte ich Meldung erstatten?<\/strong> &nbsp;<\/p>\n\n\n\n<p> Der interne Meldekanal kann genutzt werden, um Verst\u00f6\u00dfe gegen das Unionsrecht gem\u00e4\u00df der Richtlinie (EU) 2019\/1937 des Europ\u00e4ischen&nbsp; Parlaments und des Rates vom 23. Oktober 2019 zum Schutz von Personen, die Verst\u00f6\u00dfe gegen das Unionsrecht melden (nachstehende &#8222;Richtlinie zum Schutz von Hinweisgebern&#8220; genannt), Straftaten, schwere oder schwerste Ordnungswidrigkeiten und Verst\u00f6\u00dfe gegen das Arbeitsrecht im Bereich der Gesundheit und Sicherheit am Arbeitsplatz zu melden. &nbsp; Der interne Meldeweg ist nicht der geeignete Weg, um sich an den <a href=\"https:\/\/industex.com\/de\/datenschutz\/\" data-type=\"page\" data-id=\"2885\">Datenschutzbeauftragten zu wenden<\/a>. Er ist auch nicht der geeignete Kanal f\u00fcr Kunden der Unternehmen der Gruppe, um Anregungen, Vorschl\u00e4ge oder Beschwerden einzureichen, wof\u00fcr sie das <a href=\"https:\/\/industex.com\/de\/kontaktieren-sie-uns\/\" data-type=\"page\" data-id=\"2878\">Kontaktformular <\/a> verwenden k\u00f6nnen. &nbsp;<\/p>\n\n\n\n<p> <strong>Wie meldet man eine Sicherheitsverletzung?<\/strong> &nbsp;<\/p>\n\n\n\n<p> Dies kann auf verschiedene Weise geschehen: &nbsp;<\/p>\n\n\n\n<ol type=\"1\">\n<li><strong>Anonyme Meldung: <\/strong>Wenn Sie sich nicht ausweisen m\u00f6chten, k\u00f6nnen Sie Ihre Meldung\/Mitteilung einreichen:\n<ul>\n<li>per Post an INDUSTEX, S.L. Av. P. Catalans, 34, 8. Stock 08950 Esplugues de Llobregat (Barcelona), Spanien, zu H\u00e4nden des Reporting Channel Manager; oder<\/li>\n\n\n\n<li>telefonisch, indem Sie den Reporting Channel Manager unter der Nummer +34 93 254 71 00 kontaktieren.<\/li>\n<\/ul>\n<\/li>\n\n\n\n<li><strong>NICHT-anonyme Meldung: <\/strong>Wenn Sie es hingegen vorziehen, sich zu identifizieren (mit Namen, Telefonnummer, E-Mail-Adresse oder Postanschrift), k\u00f6nnen Sie folgende Kommunikationsmittel verwenden:\n<ul>\n<li>per Post an INDUSTEX, S.L. Av. P. Catalans, 34, 8. Stock 08950 Esplugues de Llobregat (Barcelona), Spanien, zu H\u00e4nden des Reporting Channel Manager;<\/li>\n\n\n\n<li>per E-Mail an canal.denuncias@industex.com;<\/li>\n\n\n\n<li>telefonisch, indem Sie sich an den Reporting Channel Manager unter der Nummer +34 93 254 71 00 wenden;<\/li>\n\n\n\n<li>durch die Bitte um ein pers\u00f6nliches Treffen mit unserem Reporting Channel Manager unter der Telefonnummer +34 93 254 71 00 oder per E-Mail an canal.denuncias@industex.com.<\/li>\n<\/ul>\n<\/li>\n<\/ol>\n\n\n\n<p><strong>&nbsp;Was ist ein externer Meldeweg?<\/strong> <\/p>\n\n\n\n<p> Zus\u00e4tzlich zu diesem internen Kanal der ISL-Gruppe gibt es einen externen Kanal, \u00fcber den Sie Ihre Meldung\/Mitteilung an die Unabh\u00e4ngige Stelle zum Schutz von Hinweisgebern oder an die entsprechenden Beh\u00f6rden oder regionalen Stellen senden k\u00f6nnen, entweder direkt oder nach der Kommunikation \u00fcber diesen internen Kanal. &nbsp; &nbsp;<\/p>\n\n\n\n<p><strong>Welches sind die wichtigsten Grunds\u00e4tze unserer internen Berichterstattungspolitik?<\/strong><\/p>\n\n\n\n<ol type=\"1\">\n<li><strong>Verbot von Vergeltungsma\u00dfnahmen<\/strong>: Die ISL Group verpflichtet sich, keine Vergeltungsma\u00dfnahmen gegen Personen zu ergreifen, die in gutem Glauben eine Meldung gemacht haben. Dieser Schutz erstreckt sich u. a. auf Personen, die die meldenden Personen unterst\u00fctzen, auf Dritte, die mit den meldenden Personen in Verbindung stehen und Vergeltungsma\u00dfnahmen erleiden k\u00f6nnten, sowie auf juristische Personen, die im Besitz der meldenden Person sind.<\/li>\n\n\n\n<li><strong>Vertraulichkeit und Anonymit\u00e4t<\/strong>: Die Vertraulichkeit der Identit\u00e4t der meldenden Person und aller in der Meldung erw\u00e4hnten Dritten sowie der Schutz personenbezogener Daten w\u00e4hrend des Meldeprozesses und der durch die Meldung ausgel\u00f6sten Untersuchungen ist ein wesentlicher Grundsatz bei der Bearbeitung der eingegangenen Meldungen. Mitteilungen k\u00f6nnen anonym erfolgen.<\/li>\n\n\n\n<li><strong>Rechte der betroffenen Personen<\/strong>: Die Rechte auf Privatsph\u00e4re, Ehre, Verteidigung und Unschuldsvermutung der untersuchten und betroffenen Personen werden garantiert. Die Richtlinie zum Schutz von Hinweisgebern schreibt vor, dass die betroffene Person Kenntnis davon hat, dass eine Anzeige gegen sie erstattet wurde. Sobald die ersten \u00dcberpr\u00fcfungen durchgef\u00fchrt wurden und die Akte bearbeitet wurde, in jedem Fall aber innerhalb von drei (3) Monaten nach Erhalt der Meldung, wird die gemeldete Person \u00fcber die Existenz der Meldung und die Zusammenfassung ihres Inhalts informiert.<\/li>\n<\/ol>\n\n\n\n<p><strong>&nbsp;Wie ist das Verfahren, wenn die Meldung eingereicht wurde?<\/strong> <\/p>\n\n\n\n<p> Das interne Meldeverfahren besteht aus folgenden Schritten: &nbsp;<\/p>\n\n\n\n<ul>\n<li>Zusendung einer Empfangsbest\u00e4tigung der Meldung an die meldende Person innerhalb von sieben (7) Kalendertagen nach Eingang.<\/li>\n<\/ul>\n\n\n\n<ul>\n<li>Eintragung der Meldung in das interne Melderegister der ISL-Gruppe.<\/li>\n<\/ul>\n\n\n\n<ul>\n<li>Erforderlichenfalls Ersuchen um zus\u00e4tzliche Informationen an die meldende Person.<\/li>\n<\/ul>\n\n\n\n<ul>\n<li>Zulassung oder begr\u00fcndete Entscheidung \u00fcber die Unzul\u00e4ssigkeit der Meldung oder unverz\u00fcgliche Weiterleitung der Informationen an die Staatsanwaltschaft, wenn der gemeldete Sachverhalt eine Straftat darstellen k\u00f6nnte, oder Meldung an die zust\u00e4ndige Beh\u00f6rde.<\/li>\n<\/ul>\n\n\n\n<ul>\n<li>Er\u00f6ffnung einer Ermittlungsakte. Die Frist f\u00fcr eine R\u00fcckmeldung darf drei (3) Monate ab dem Datum der Empfangsbest\u00e4tigung der Mitteilung nicht \u00fcberschreiten. In besonders komplexen F\u00e4llen, die eine Verl\u00e4ngerung der Frist erfordern, kann diese auf maximal drei (3) zus\u00e4tzliche Monate verl\u00e4ngert werden.<\/li>\n<\/ul>\n\n\n\n<ul>\n<li>Beendigung des Verfahrens: Zur\u00fcckweisung der Beschwerde, Anzeige bei der Staatsanwaltschaft oder einer zust\u00e4ndigen Beh\u00f6rde oder Entscheidung \u00fcber die Einleitung eines Disziplinarverfahrens.<\/li>\n<\/ul>\n\t\t\t\t\t\t\t\t<\/div>\n\t\t\t\t<\/div>\n\t\t\t\t\t<\/div>\n\t\t<\/div>\n\t\t\t\t\t<\/div>\n\t\t<\/section>\n\t\t\t\t<\/div>\n\t\t","protected":false},"excerpt":{"rendered":"<p>Interner Meldekanal Unser interner Meldekanal ist ein Kommunikationsmittel, das es Mitarbeitern und anderen Personen erm\u00f6glicht, Unregelm\u00e4\u00dfigkeiten oder vermutete Unregelm\u00e4\u00dfigkeiten in Unternehmen der Gruppe direkt, sicher, vertraulich und anonym an INDUSTEX und die ISL-Gruppe zu melden. &nbsp; \u00dcber den internen Meldekanal kann jede Person einen Bericht\/eine Mitteilung \u00fcber die Nichteinhaltung von Vorschriften durch Unternehmen, die der [&hellip;]<\/p>\n","protected":false},"author":4,"featured_media":0,"parent":0,"menu_order":0,"comment_status":"closed","ping_status":"closed","template":"","meta":{"_coblocks_attr":"","_coblocks_dimensions":"","_coblocks_responsive_height":"","_coblocks_accordion_ie_support":"","footnotes":""},"class_list":["post-4556","page","type-page","status-publish","hentry"],"_links":{"self":[{"href":"https:\/\/industex.com\/de\/wp-json\/wp\/v2\/pages\/4556","targetHints":{"allow":["GET"]}}],"collection":[{"href":"https:\/\/industex.com\/de\/wp-json\/wp\/v2\/pages"}],"about":[{"href":"https:\/\/industex.com\/de\/wp-json\/wp\/v2\/types\/page"}],"author":[{"embeddable":true,"href":"https:\/\/industex.com\/de\/wp-json\/wp\/v2\/users\/4"}],"replies":[{"embeddable":true,"href":"https:\/\/industex.com\/de\/wp-json\/wp\/v2\/comments?post=4556"}],"version-history":[{"count":6,"href":"https:\/\/industex.com\/de\/wp-json\/wp\/v2\/pages\/4556\/revisions"}],"predecessor-version":[{"id":4588,"href":"https:\/\/industex.com\/de\/wp-json\/wp\/v2\/pages\/4556\/revisions\/4588"}],"wp:attachment":[{"href":"https:\/\/industex.com\/de\/wp-json\/wp\/v2\/media?parent=4556"}],"curies":[{"name":"wp","href":"https:\/\/api.w.org\/{rel}","templated":true}]}}