{"id":1149,"date":"2021-02-23T11:15:20","date_gmt":"2021-02-23T11:15:20","guid":{"rendered":"https:\/\/www.industex.com\/quality-control\/"},"modified":"2021-05-31T11:09:19","modified_gmt":"2021-05-31T11:09:19","slug":"control-de-calidad","status":"publish","type":"page","link":"https:\/\/industex.com\/es\/control-de-calidad\/","title":{"rendered":"Control de Calidad"},"content":{"rendered":"\t\t<div data-elementor-type=\"wp-page\" data-elementor-id=\"1149\" class=\"elementor elementor-1149 elementor-16\" data-elementor-post-type=\"page\">\n\t\t\t\t\t\t<section class=\"elementor-section elementor-top-section elementor-element elementor-element-dbc23f1 elementor-section-height-min-height elementor-section-boxed elementor-section-height-default elementor-section-items-middle\" data-id=\"dbc23f1\" data-element_type=\"section\" data-settings=\"{&quot;background_background&quot;:&quot;classic&quot;}\">\n\t\t\t\t\t\t<div class=\"elementor-container elementor-column-gap-default\">\n\t\t\t\t\t<div class=\"elementor-column elementor-col-100 elementor-top-column elementor-element elementor-element-e221efb\" data-id=\"e221efb\" data-element_type=\"column\">\n\t\t\t<div class=\"elementor-widget-wrap elementor-element-populated\">\n\t\t\t\t\t\t<section class=\"elementor-section elementor-inner-section elementor-element elementor-element-b7aa85f elementor-section-height-min-height elementor-section-content-middle elementor-section-boxed elementor-section-height-default\" data-id=\"b7aa85f\" data-element_type=\"section\" data-settings=\"{&quot;background_background&quot;:&quot;classic&quot;}\">\n\t\t\t\t\t\t<div class=\"elementor-container elementor-column-gap-default\">\n\t\t\t\t\t<div class=\"elementor-column elementor-col-100 elementor-inner-column elementor-element elementor-element-f8d14d4\" data-id=\"f8d14d4\" data-element_type=\"column\" data-settings=\"{&quot;background_background&quot;:&quot;classic&quot;}\">\n\t\t\t<div class=\"elementor-widget-wrap elementor-element-populated\">\n\t\t\t\t\t\t<div class=\"elementor-element elementor-element-40dc0b0 elementor-widget elementor-widget-heading\" data-id=\"40dc0b0\" data-element_type=\"widget\" data-widget_type=\"heading.default\">\n\t\t\t\t<div class=\"elementor-widget-container\">\n\t\t\t\t\t<h1 class=\"elementor-heading-title elementor-size-default\">Control de Calidad<\/h1>\t\t\t\t<\/div>\n\t\t\t\t<\/div>\n\t\t\t\t\t<\/div>\n\t\t<\/div>\n\t\t\t\t\t<\/div>\n\t\t<\/section>\n\t\t\t\t\t<\/div>\n\t\t<\/div>\n\t\t\t\t\t<\/div>\n\t\t<\/section>\n\t\t\t\t<section class=\"elementor-section elementor-top-section elementor-element elementor-element-452c5e2 elementor-section-boxed elementor-section-height-default elementor-section-height-default\" data-id=\"452c5e2\" data-element_type=\"section\">\n\t\t\t\t\t\t<div class=\"elementor-container elementor-column-gap-default\">\n\t\t\t\t\t<div class=\"elementor-column elementor-col-33 elementor-top-column elementor-element elementor-element-11fedff elementor-invisible\" data-id=\"11fedff\" data-element_type=\"column\" data-settings=\"{&quot;animation&quot;:&quot;fadeInUp&quot;}\">\n\t\t\t<div class=\"elementor-widget-wrap elementor-element-populated\">\n\t\t\t\t\t\t<div class=\"elementor-element elementor-element-b3ff3e7 elementor-widget elementor-widget-tp-info-box\" data-id=\"b3ff3e7\" data-element_type=\"widget\" data-widget_type=\"tp-info-box.default\">\n\t\t\t\t<div class=\"elementor-widget-container\">\n\t\t\t\t\t<div id=\"info_box69f31a495608f\" class=\"pt_plus_info_box hover_normal    info_box69f31a495608f info-box-style_3    \"  data-id=\"info_box69f31a495608f\"    data-connection=\"\" data-eventtype=\"\" ><div class=\"post-inner-loop \"><div class=\"info-box-inner content_hover_effect  tp-info-nc\"   ><div class=\"info-box-bg-box    \" ><div class=\"text-center\"><div class=\"service-center  \"><div class=\"info-icon-content\"><div class=\"service-icon-image  service-icon \"><img decoding=\"async\" src=\"https:\/\/industex.com\/wp-content\/uploads\/2021\/03\/regulatory-adherence.svg\" class=\"icon-image-set\" alt=\"regulatory adherence\"\/><\/div><\/div><div class=\"service-desc\"> <p>Adherencia Regulatoria<\/p> <\/div><\/div><\/div><div class=\"infobox-overlay-color\"><\/div><\/div><\/div><\/div><\/div>\t\t\t\t<\/div>\n\t\t\t\t<\/div>\n\t\t\t\t\t<\/div>\n\t\t<\/div>\n\t\t\t\t<div class=\"elementor-column elementor-col-33 elementor-top-column elementor-element elementor-element-f5cbed9 elementor-invisible\" data-id=\"f5cbed9\" data-element_type=\"column\" data-settings=\"{&quot;animation&quot;:&quot;fadeInUp&quot;,&quot;animation_delay&quot;:100}\">\n\t\t\t<div class=\"elementor-widget-wrap elementor-element-populated\">\n\t\t\t\t\t\t<div class=\"elementor-element elementor-element-222732c elementor-widget elementor-widget-tp-info-box\" data-id=\"222732c\" data-element_type=\"widget\" data-widget_type=\"tp-info-box.default\">\n\t\t\t\t<div class=\"elementor-widget-container\">\n\t\t\t\t\t<div id=\"info_box69f31a495735f\" class=\"pt_plus_info_box hover_normal    info_box69f31a495735f info-box-style_3    \"  data-id=\"info_box69f31a495735f\"    data-connection=\"\" data-eventtype=\"\" ><div class=\"post-inner-loop \"><div class=\"info-box-inner content_hover_effect  tp-info-nc\"   ><div class=\"info-box-bg-box    \" ><div class=\"text-center\"><div class=\"service-center  \"><div class=\"info-icon-content\"><div class=\"service-icon-image  service-icon \"><img decoding=\"async\" src=\"https:\/\/industex.com\/wp-content\/uploads\/2021\/05\/innovative-product-design.svg\" class=\"icon-image-set\" alt=\"innovative product design\"\/><\/div><\/div><div class=\"service-desc\"> <p>Innovaci\u00f3n en Dise\u00f1o de Producto<\/p> <\/div><\/div><\/div><div class=\"infobox-overlay-color\"><\/div><\/div><\/div><\/div><\/div>\t\t\t\t<\/div>\n\t\t\t\t<\/div>\n\t\t\t\t\t<\/div>\n\t\t<\/div>\n\t\t\t\t<div class=\"elementor-column elementor-col-33 elementor-top-column elementor-element elementor-element-703aa57 elementor-invisible\" data-id=\"703aa57\" data-element_type=\"column\" data-settings=\"{&quot;animation&quot;:&quot;fadeInUp&quot;,&quot;animation_delay&quot;:200}\">\n\t\t\t<div class=\"elementor-widget-wrap elementor-element-populated\">\n\t\t\t\t\t\t<div class=\"elementor-element elementor-element-a16dc32 elementor-widget elementor-widget-tp-info-box\" data-id=\"a16dc32\" data-element_type=\"widget\" data-widget_type=\"tp-info-box.default\">\n\t\t\t\t<div class=\"elementor-widget-container\">\n\t\t\t\t\t<div id=\"info_box69f31a4958405\" class=\"pt_plus_info_box hover_normal    info_box69f31a4958405 info-box-style_3    \"  data-id=\"info_box69f31a4958405\"    data-connection=\"\" data-eventtype=\"\" ><div class=\"post-inner-loop \"><div class=\"info-box-inner content_hover_effect  tp-info-nc\"   ><div class=\"info-box-bg-box    \" ><div class=\"text-center\"><div class=\"service-center  \"><div class=\"info-icon-content\"><div class=\"service-icon-image  service-icon \"><img decoding=\"async\" src=\"https:\/\/industex.com\/wp-content\/uploads\/2021\/05\/premium-manufacturing.svg\" class=\"icon-image-set\" alt=\"premium manufacturing\"\/><\/div><\/div><div class=\"service-desc\"> <p>Fabricaci\u00f3n Premium<\/p> <\/div><\/div><\/div><div class=\"infobox-overlay-color\"><\/div><\/div><\/div><\/div><\/div>\t\t\t\t<\/div>\n\t\t\t\t<\/div>\n\t\t\t\t\t<\/div>\n\t\t<\/div>\n\t\t\t\t\t<\/div>\n\t\t<\/section>\n\t\t\t\t<section class=\"elementor-section elementor-top-section elementor-element elementor-element-45b89d6 elementor-section-boxed elementor-section-height-default elementor-section-height-default\" data-id=\"45b89d6\" data-element_type=\"section\" data-settings=\"{&quot;background_background&quot;:&quot;classic&quot;}\">\n\t\t\t\t\t\t<div class=\"elementor-container elementor-column-gap-default\">\n\t\t\t\t\t<div class=\"elementor-column elementor-col-100 elementor-top-column elementor-element elementor-element-f716723\" data-id=\"f716723\" data-element_type=\"column\">\n\t\t\t<div class=\"elementor-widget-wrap elementor-element-populated\">\n\t\t\t\t\t\t<div class=\"elementor-element elementor-element-4a3f727 elementor-widget elementor-widget-heading\" data-id=\"4a3f727\" data-element_type=\"widget\" data-widget_type=\"heading.default\">\n\t\t\t\t<div class=\"elementor-widget-container\">\n\t\t\t\t\t<h2 class=\"elementor-heading-title elementor-size-default\">Nuestro Compromiso<\/h2>\t\t\t\t<\/div>\n\t\t\t\t<\/div>\n\t\t\t\t<div class=\"elementor-element elementor-element-b07a89b elementor-widget elementor-widget-text-editor\" data-id=\"b07a89b\" data-element_type=\"widget\" data-widget_type=\"text-editor.default\">\n\t\t\t\t<div class=\"elementor-widget-container\">\n\t\t\t\t\t\t\t\t\t<p>Nuestra pol\u00edtica de control de calidad se basa en tres pilares:<\/p><p>Proporcionamos el nivel m\u00e1s alto de satisfacci\u00f3n a nuestros clientes con los productos que desarrollamos, fabricamos y distribuimos. Nuestro objetivo es superar sus expectativas con dise\u00f1os innovadores y productos f\u00e1ciles de usar que resuelven problemas comunes.<\/p><p>Mejoramos constantemente nuestras medidas de control de calidad. Supervisamos la calidad del producto durante toda la fase de desarrollo y fabricaci\u00f3n con el fin de entregar el mejor producto posible al cliente.<\/p><p>ISL cumple con los est\u00e1ndares regulatorios m\u00e1s estrictos. Trabajamos en estrecha colaboraci\u00f3n con los mejores laboratorios de China y Europa para garantizar la seguridad y el correcto funcionamiento de nuestros productos. <\/p>\t\t\t\t\t\t\t\t<\/div>\n\t\t\t\t<\/div>\n\t\t\t\t\t<\/div>\n\t\t<\/div>\n\t\t\t\t\t<\/div>\n\t\t<\/section>\n\t\t\t\t<section class=\"elementor-section elementor-top-section elementor-element elementor-element-f2a56ec elementor-section-full_width elementor-section-height-default elementor-section-height-default\" data-id=\"f2a56ec\" data-element_type=\"section\" data-settings=\"{&quot;background_background&quot;:&quot;classic&quot;}\">\n\t\t\t\t\t\t<div class=\"elementor-container elementor-column-gap-default\">\n\t\t\t\t\t<div class=\"elementor-column elementor-col-100 elementor-top-column elementor-element elementor-element-992b399\" data-id=\"992b399\" data-element_type=\"column\">\n\t\t\t<div class=\"elementor-widget-wrap elementor-element-populated\">\n\t\t\t\t\t\t<section class=\"elementor-section elementor-inner-section elementor-element elementor-element-0ffcf95 elementor-section-height-min-height elementor-reverse-tablet elementor-reverse-mobile elementor-section-boxed elementor-section-height-default\" data-id=\"0ffcf95\" data-element_type=\"section\">\n\t\t\t\t\t\t<div class=\"elementor-container elementor-column-gap-custom\">\n\t\t\t\t\t<div class=\"elementor-column elementor-col-33 elementor-inner-column elementor-element elementor-element-8a28c53\" data-id=\"8a28c53\" data-element_type=\"column\" data-settings=\"{&quot;background_background&quot;:&quot;classic&quot;}\">\n\t\t\t<div class=\"elementor-widget-wrap elementor-element-populated\">\n\t\t\t\t\t\t<div class=\"elementor-element elementor-element-ccfff9a elementor-widget elementor-widget-heading\" data-id=\"ccfff9a\" data-element_type=\"widget\" data-widget_type=\"heading.default\">\n\t\t\t\t<div class=\"elementor-widget-container\">\n\t\t\t\t\t<h2 class=\"elementor-heading-title elementor-size-default\">\u00danete al Grupo ISL<\/h2>\t\t\t\t<\/div>\n\t\t\t\t<\/div>\n\t\t\t\t<div class=\"elementor-element elementor-element-25672b2 elementor-widget elementor-widget-text-editor\" data-id=\"25672b2\" data-element_type=\"widget\" data-widget_type=\"text-editor.default\">\n\t\t\t\t<div class=\"elementor-widget-container\">\n\t\t\t\t\t\t\t\t\tLos productos de ISL est\u00e1n bien posicionados en todos los hipermercados, supermercados y centros comerciales principales de Europa, Asia y Am\u00e9rica. Con m\u00e1s de 40.000 monitores de televisi\u00f3n presentes en tiendas, el Grupo ISL es la entidad l\u00edder en Europa para este sector comercial. El Grupo ISL ha extendido su amplia experiencia en marketing de producto en las tiendas m\u00e1s destacadas de Europa, como en Espa\u00f1a, Portugal, Italia, Reino Unido, Alemania, Francia, Suiza y Holanda.\t\t\t\t\t\t\t\t<\/div>\n\t\t\t\t<\/div>\n\t\t\t\t<div class=\"elementor-element elementor-element-88c5ade elementor-widget elementor-widget-tp-button\" data-id=\"88c5ade\" data-element_type=\"widget\" data-widget_type=\"tp-button.default\">\n\t\t\t\t<div class=\"elementor-widget-container\">\n\t\t\t\t\t<div class=\"pt-plus-button-wrapper   text-left text--tabletcenter   \"><div class=\"button_parallax   \" ><div id=\"button69f31a495df4c\"  class=\" text-left text--tabletcenter ts-button content_hover_effect   \" ><div class=\"pt_plus_button btn69f31a495df49 button-style-13  hover-left   \"  ><div class=\"animted-content-inner \"><a href=\"https:\/\/industex.com\/es\/contacto\/\" class=\"button-link-wrap\" role=\"button\" data-hover=\"CONTACTO\"  ><span>CONTACTO<\/span><\/a><\/div><\/div><\/div><\/div><\/div>\t\t\t\t<\/div>\n\t\t\t\t<\/div>\n\t\t\t\t\t<\/div>\n\t\t<\/div>\n\t\t\t\t<div class=\"elementor-column elementor-col-33 elementor-inner-column elementor-element elementor-element-f38e522 elementor-hidden-tablet elementor-hidden-phone\" data-id=\"f38e522\" data-element_type=\"column\">\n\t\t\t<div class=\"elementor-widget-wrap\">\n\t\t\t\t\t\t\t<\/div>\n\t\t<\/div>\n\t\t\t\t<div class=\"elementor-column elementor-col-33 elementor-inner-column elementor-element elementor-element-7cd07fb\" data-id=\"7cd07fb\" data-element_type=\"column\" data-settings=\"{&quot;background_background&quot;:&quot;classic&quot;}\">\n\t\t\t<div class=\"elementor-widget-wrap elementor-element-populated\">\n\t\t\t\t\t<div class=\"elementor-background-overlay\"><\/div>\n\t\t\t\t\t\t<div class=\"elementor-element elementor-element-72a8c82 elementor-widget elementor-widget-spacer\" data-id=\"72a8c82\" data-element_type=\"widget\" data-widget_type=\"spacer.default\">\n\t\t\t\t<div class=\"elementor-widget-container\">\n\t\t\t\t\t\t\t<div class=\"elementor-spacer\">\n\t\t\t<div class=\"elementor-spacer-inner\"><\/div>\n\t\t<\/div>\n\t\t\t\t\t\t<\/div>\n\t\t\t\t<\/div>\n\t\t\t\t\t<\/div>\n\t\t<\/div>\n\t\t\t\t\t<\/div>\n\t\t<\/section>\n\t\t\t\t\t<\/div>\n\t\t<\/div>\n\t\t\t\t\t<\/div>\n\t\t<\/section>\n\t\t\t\t<\/div>\n\t\t","protected":false},"excerpt":{"rendered":"<p>Control de Calidad Adherencia Regulatoria Innovaci\u00f3n en Dise\u00f1o de Producto Fabricaci\u00f3n Premium Nuestro Compromiso Nuestra pol\u00edtica de control de calidad se basa en tres pilares: Proporcionamos el nivel m\u00e1s alto de satisfacci\u00f3n a nuestros clientes con los productos que desarrollamos, fabricamos y distribuimos. Nuestro objetivo es superar sus expectativas con dise\u00f1os innovadores y productos f\u00e1ciles [&hellip;]<\/p>\n","protected":false},"author":1,"featured_media":0,"parent":0,"menu_order":0,"comment_status":"closed","ping_status":"closed","template":"","meta":{"_coblocks_attr":"","_coblocks_dimensions":"","_coblocks_responsive_height":"","_coblocks_accordion_ie_support":"","footnotes":""},"class_list":["post-1149","page","type-page","status-publish","hentry"],"_links":{"self":[{"href":"https:\/\/industex.com\/es\/wp-json\/wp\/v2\/pages\/1149","targetHints":{"allow":["GET"]}}],"collection":[{"href":"https:\/\/industex.com\/es\/wp-json\/wp\/v2\/pages"}],"about":[{"href":"https:\/\/industex.com\/es\/wp-json\/wp\/v2\/types\/page"}],"author":[{"embeddable":true,"href":"https:\/\/industex.com\/es\/wp-json\/wp\/v2\/users\/1"}],"replies":[{"embeddable":true,"href":"https:\/\/industex.com\/es\/wp-json\/wp\/v2\/comments?post=1149"}],"version-history":[{"count":31,"href":"https:\/\/industex.com\/es\/wp-json\/wp\/v2\/pages\/1149\/revisions"}],"predecessor-version":[{"id":4432,"href":"https:\/\/industex.com\/es\/wp-json\/wp\/v2\/pages\/1149\/revisions\/4432"}],"wp:attachment":[{"href":"https:\/\/industex.com\/es\/wp-json\/wp\/v2\/media?parent=1149"}],"curies":[{"name":"wp","href":"https:\/\/api.w.org\/{rel}","templated":true}]}}