{"id":1151,"date":"2021-02-23T11:15:41","date_gmt":"2021-02-23T11:15:41","guid":{"rendered":"https:\/\/www.industex.com\/social-programs\/"},"modified":"2025-06-03T06:59:42","modified_gmt":"2025-06-03T06:59:42","slug":"programas-sociales","status":"publish","type":"page","link":"https:\/\/industex.com\/es\/programas-sociales\/","title":{"rendered":"Programas Sociales"},"content":{"rendered":"\t\t<div data-elementor-type=\"wp-page\" data-elementor-id=\"1151\" class=\"elementor elementor-1151 elementor-19\" data-elementor-post-type=\"page\">\n\t\t\t\t\t\t<section class=\"elementor-section elementor-top-section elementor-element elementor-element-949165c elementor-section-height-min-height elementor-section-boxed elementor-section-height-default elementor-section-items-middle\" data-id=\"949165c\" data-element_type=\"section\" data-settings=\"{&quot;background_background&quot;:&quot;classic&quot;}\">\n\t\t\t\t\t\t<div class=\"elementor-container elementor-column-gap-default\">\n\t\t\t\t\t<div class=\"elementor-column elementor-col-100 elementor-top-column elementor-element elementor-element-9344edf\" data-id=\"9344edf\" data-element_type=\"column\">\n\t\t\t<div class=\"elementor-widget-wrap elementor-element-populated\">\n\t\t\t\t\t\t<section class=\"elementor-section elementor-inner-section elementor-element elementor-element-619abec elementor-section-height-min-height elementor-section-content-middle elementor-section-boxed elementor-section-height-default\" data-id=\"619abec\" data-element_type=\"section\" data-settings=\"{&quot;background_background&quot;:&quot;classic&quot;}\">\n\t\t\t\t\t\t<div class=\"elementor-container elementor-column-gap-default\">\n\t\t\t\t\t<div class=\"elementor-column elementor-col-100 elementor-inner-column elementor-element elementor-element-ccd139d\" data-id=\"ccd139d\" data-element_type=\"column\" data-settings=\"{&quot;background_background&quot;:&quot;classic&quot;}\">\n\t\t\t<div class=\"elementor-widget-wrap elementor-element-populated\">\n\t\t\t\t\t\t<div class=\"elementor-element elementor-element-07eabdb elementor-widget elementor-widget-heading\" data-id=\"07eabdb\" data-element_type=\"widget\" data-widget_type=\"heading.default\">\n\t\t\t\t<div class=\"elementor-widget-container\">\n\t\t\t\t\t<h1 class=\"elementor-heading-title elementor-size-default\">Programas Sociales <\/h1>\t\t\t\t<\/div>\n\t\t\t\t<\/div>\n\t\t\t\t\t<\/div>\n\t\t<\/div>\n\t\t\t\t\t<\/div>\n\t\t<\/section>\n\t\t\t\t\t<\/div>\n\t\t<\/div>\n\t\t\t\t\t<\/div>\n\t\t<\/section>\n\t\t\t\t<section class=\"elementor-section elementor-top-section elementor-element elementor-element-d178689 elementor-section-full_width elementor-section-height-default elementor-section-height-default\" data-id=\"d178689\" data-element_type=\"section\" data-settings=\"{&quot;background_background&quot;:&quot;classic&quot;}\">\n\t\t\t\t\t\t<div class=\"elementor-container elementor-column-gap-default\">\n\t\t\t\t\t<div class=\"elementor-column elementor-col-100 elementor-top-column elementor-element elementor-element-98f48ff\" data-id=\"98f48ff\" data-element_type=\"column\">\n\t\t\t<div class=\"elementor-widget-wrap elementor-element-populated\">\n\t\t\t\t\t\t<section class=\"elementor-section elementor-inner-section elementor-element elementor-element-8a143b9 elementor-section-boxed elementor-section-height-default elementor-section-height-default\" data-id=\"8a143b9\" data-element_type=\"section\">\n\t\t\t\t\t\t<div class=\"elementor-container elementor-column-gap-default\">\n\t\t\t\t\t<div class=\"elementor-column elementor-col-100 elementor-inner-column elementor-element elementor-element-dca274b\" data-id=\"dca274b\" data-element_type=\"column\">\n\t\t\t<div class=\"elementor-widget-wrap elementor-element-populated\">\n\t\t\t\t\t\t<div class=\"elementor-element elementor-element-862f093 elementor-widget elementor-widget-heading\" data-id=\"862f093\" data-element_type=\"widget\" data-widget_type=\"heading.default\">\n\t\t\t\t<div class=\"elementor-widget-container\">\n\t\t\t\t\t<h2 class=\"elementor-heading-title elementor-size-default\">Apoyo a la Investigaci\u00f3n M\u00e9dica<\/h2>\t\t\t\t<\/div>\n\t\t\t\t<\/div>\n\t\t\t\t<div class=\"elementor-element elementor-element-fa0f5cb elementor-widget elementor-widget-text-editor\" data-id=\"fa0f5cb\" data-element_type=\"widget\" data-widget_type=\"text-editor.default\">\n\t\t\t\t<div class=\"elementor-widget-container\">\n\t\t\t\t\t\t\t\t\t<p><span style=\"font-weight: 400;\">Industex ha proporcionado asistencia a instituciones m\u00e9dicas para la investigaci\u00f3n a trav\u00e9s de varias organizaciones como la Fundaci\u00f3n Pasqual Maragall,<\/span> el Hospital Cl\u00ednic de Barcelona, el\u00a0 Biomedical Engineering Research Centre (CREB) de la Universitat Oberta de Catalunya (UOC) y la Universitat Polit\u00e8cnica de Catalunya (UPC).\u00a0<\/p>\t\t\t\t\t\t\t\t<\/div>\n\t\t\t\t<\/div>\n\t\t\t\t\t<\/div>\n\t\t<\/div>\n\t\t\t\t\t<\/div>\n\t\t<\/section>\n\t\t\t\t<section class=\"elementor-section elementor-inner-section elementor-element elementor-element-7e133d4 elementor-section-boxed elementor-section-height-default elementor-section-height-default\" data-id=\"7e133d4\" data-element_type=\"section\">\n\t\t\t\t\t\t<div class=\"elementor-container elementor-column-gap-default\">\n\t\t\t\t\t<div class=\"elementor-column elementor-col-50 elementor-inner-column elementor-element elementor-element-b6b53c2 elementor-invisible\" data-id=\"b6b53c2\" data-element_type=\"column\" data-settings=\"{&quot;animation&quot;:&quot;fadeInUp&quot;}\">\n\t\t\t<div class=\"elementor-widget-wrap elementor-element-populated\">\n\t\t\t\t\t\t<div class=\"elementor-element elementor-element-bf61f68 elementor-widget elementor-widget-tp-info-box\" data-id=\"bf61f68\" data-element_type=\"widget\" data-widget_type=\"tp-info-box.default\">\n\t\t\t\t<div class=\"elementor-widget-container\">\n\t\t\t\t\t<div id=\"info_box69f330418be95\" class=\"pt_plus_info_box hover_normal    info_box69f330418be95 info-box-style_3    \"  data-id=\"info_box69f330418be95\"    data-connection=\"\" data-eventtype=\"\" ><div class=\"post-inner-loop \"><div class=\"info-box-inner content_hover_effect  tp-info-nc\"   ><div class=\"info-box-bg-box    \" ><div class=\"text-left\"><div class=\"service-center  \"><div class=\"info-icon-content\"><img decoding=\"async\" src=\"https:\/\/industex.com\/wp-content\/uploads\/2021\/03\/beaker.svg\" class=\"service-img \" alt=\"beaker\" \/><\/div><h3 class=\"service-title \"> Investigaci\u00f3n sobre Alzheimer en la Fundaci\u00f3n Pasquall Maragall <\/h3><div class=\"service-desc\"> <p>Industex ha contribuido a las siguientes iniciativas en el Parque de Investigaci\u00f3n M\u00e9dica de Barcelona a trav\u00e9s de la Fundaci\u00f3n Pasquall Maragall:<\/p><ul><li>Desarrollo industrial de productos innovadores para mejorar la calidad de vida de pacientes de Alzheimer en grado avanzado.\u00a0<\/li><li>Ensayos cl\u00ednicos de protocolos de diagn\u00f3stico ECG para pacientes de Alzheimer.<\/li><li>Ensayos cl\u00ednicos con juegos y kits terap\u00e9uticos para mejorar la conexi\u00f3n emocional entre pacientes de Alzheimer en grado avanzado y sus cuidadores.<\/li><\/ul> <\/div><\/div><\/div><div class=\"infobox-overlay-color\"><\/div><\/div><\/div><\/div><\/div>\t\t\t\t<\/div>\n\t\t\t\t<\/div>\n\t\t\t\t\t<\/div>\n\t\t<\/div>\n\t\t\t\t<div class=\"elementor-column elementor-col-50 elementor-inner-column elementor-element elementor-element-04b06e6 elementor-invisible\" data-id=\"04b06e6\" data-element_type=\"column\" data-settings=\"{&quot;animation&quot;:&quot;fadeInUp&quot;,&quot;animation_delay&quot;:320}\">\n\t\t\t<div class=\"elementor-widget-wrap elementor-element-populated\">\n\t\t\t\t\t\t<div class=\"elementor-element elementor-element-9ed675e elementor-widget elementor-widget-tp-info-box\" data-id=\"9ed675e\" data-element_type=\"widget\" data-widget_type=\"tp-info-box.default\">\n\t\t\t\t<div class=\"elementor-widget-container\">\n\t\t\t\t\t<div id=\"info_box69f330418c9c3\" class=\"pt_plus_info_box hover_normal    info_box69f330418c9c3 info-box-style_3    \"  data-id=\"info_box69f330418c9c3\"    data-connection=\"\" data-eventtype=\"\" ><div class=\"post-inner-loop \"><div class=\"info-box-inner content_hover_effect  tp-info-nc\"   ><div class=\"info-box-bg-box    \" ><div class=\"text-left\"><div class=\"service-center  \"><div class=\"info-icon-content\"><img decoding=\"async\" src=\"https:\/\/industex.com\/wp-content\/uploads\/2021\/03\/microscope.svg\" class=\"service-img \" alt=\"microscope\" \/><\/div><h3 class=\"service-title \"> Investigaci\u00f3n sobre Alzheimer y C\u00e1ncer en CREB <\/h3><div class=\"service-desc\"> <p>Industex ha proporcionado becas de investigaci\u00f3n a estudiantes para apoyar su trabajo en:<\/p><ul><li>Evaluaci\u00f3n de t\u00e9cnicas de psicoestimulaci\u00f3n para pacientes de Alzheimer mediante EEG dentro de la Divisi\u00f3n de Sistemas Biom\u00e9dicos en el Biomedical Engineering Research Centre (CREB) de la Universitat Oberta de Catalunya (UOC).\u00a0<\/li><li>Desarrollo de nuevas herramientas para identificar objetivos moleculares en c\u00e9lulas cancer\u00edgenas a partir del endurecimiento del estroma bajo el liderazgo del Dr. Alexandre Perea i Lluna en Biomedical Engineering Research Centre (CREB) de la Universitat Polit\u00e8cnica de Catalunya (UPC).<\/li><\/ul> <\/div><\/div><\/div><div class=\"infobox-overlay-color\"><\/div><\/div><\/div><\/div><\/div>\t\t\t\t<\/div>\n\t\t\t\t<\/div>\n\t\t\t\t\t<\/div>\n\t\t<\/div>\n\t\t\t\t\t<\/div>\n\t\t<\/section>\n\t\t\t\t<section class=\"elementor-section elementor-inner-section elementor-element elementor-element-5c71c22 elementor-section-boxed elementor-section-height-default elementor-section-height-default\" data-id=\"5c71c22\" data-element_type=\"section\">\n\t\t\t\t\t\t<div class=\"elementor-container elementor-column-gap-default\">\n\t\t\t\t\t<div class=\"elementor-column elementor-col-50 elementor-inner-column elementor-element elementor-element-2c3db40 elementor-invisible\" data-id=\"2c3db40\" data-element_type=\"column\" data-settings=\"{&quot;animation&quot;:&quot;fadeInUp&quot;}\">\n\t\t\t<div class=\"elementor-widget-wrap elementor-element-populated\">\n\t\t\t\t\t\t<div class=\"elementor-element elementor-element-dfe642f elementor-widget elementor-widget-tp-info-box\" data-id=\"dfe642f\" data-element_type=\"widget\" data-widget_type=\"tp-info-box.default\">\n\t\t\t\t<div class=\"elementor-widget-container\">\n\t\t\t\t\t<div id=\"info_box69f330418d8e1\" class=\"pt_plus_info_box hover_normal    info_box69f330418d8e1 info-box-style_3    \"  data-id=\"info_box69f330418d8e1\"    data-connection=\"\" data-eventtype=\"\" ><div class=\"post-inner-loop \"><div class=\"info-box-inner content_hover_effect  tp-info-nc\"   ><div class=\"info-box-bg-box    \" ><div class=\"text-left\"><div class=\"service-center  \"><div class=\"info-icon-content\"><img decoding=\"async\" src=\"https:\/\/industex.com\/wp-content\/uploads\/2021\/03\/pill.svg\" class=\"service-img \" alt=\"pill\" \/><\/div><h3 class=\"service-title \"> Becas de Postgrado en el Centro San Juan de Dios (SJD)  <\/h3><div class=\"service-desc\"> <p>Industex ha cofinanciado becas postdoctorales para \u2028<\/p><ul><li>Estudiantes que investigan el desarrollo neuronal y enfermedades metab\u00f3licas<\/li><li>Estudiantes de postgrado del instituto Carlos III que investigan enfermedades mentales severas y etolog\u00eda.<\/li><\/ul> <\/div><\/div><\/div><div class=\"infobox-overlay-color\"><\/div><\/div><\/div><\/div><\/div>\t\t\t\t<\/div>\n\t\t\t\t<\/div>\n\t\t\t\t\t<\/div>\n\t\t<\/div>\n\t\t\t\t<div class=\"elementor-column elementor-col-50 elementor-inner-column elementor-element elementor-element-b40396d elementor-invisible\" data-id=\"b40396d\" data-element_type=\"column\" data-settings=\"{&quot;animation&quot;:&quot;fadeInUp&quot;,&quot;animation_delay&quot;:320}\">\n\t\t\t<div class=\"elementor-widget-wrap elementor-element-populated\">\n\t\t\t\t\t\t<div class=\"elementor-element elementor-element-51183e0 elementor-widget elementor-widget-tp-info-box\" data-id=\"51183e0\" data-element_type=\"widget\" data-widget_type=\"tp-info-box.default\">\n\t\t\t\t<div class=\"elementor-widget-container\">\n\t\t\t\t\t<div id=\"info_box69f330418e315\" class=\"pt_plus_info_box hover_normal    info_box69f330418e315 info-box-style_3    \"  data-id=\"info_box69f330418e315\"    data-connection=\"\" data-eventtype=\"\" ><div class=\"post-inner-loop \"><div class=\"info-box-inner content_hover_effect  tp-info-nc\"   ><div class=\"info-box-bg-box    \" ><div class=\"text-left\"><div class=\"service-center  \"><div class=\"info-icon-content\"><img decoding=\"async\" src=\"https:\/\/industex.com\/wp-content\/uploads\/2021\/03\/stethoscope.svg\" class=\"service-img \" alt=\"stethoscope\" \/><\/div><h3 class=\"service-title \"> Investigaci\u00f3n sobre Diabetes y Obesidad en el Hospital Cl\u00ednic de Barcelona <\/h3><div class=\"service-desc\"> <p>Industex ha proporcionado apoyo a la siguiente investigaci\u00f3n:<\/p><ul><li>Estudio de circulaci\u00f3n de microRNA para biomarcadores para el diagn\u00f3stico precoz bajo el liderazgo de la Dra. Anna Novials, directora del Laboratorio de Diabetes y Obesidad del Hospital Cl\u00ednic de Barcelona.<\/li><\/ul> <\/div><\/div><\/div><div class=\"infobox-overlay-color\"><\/div><\/div><\/div><\/div><\/div>\t\t\t\t<\/div>\n\t\t\t\t<\/div>\n\t\t\t\t\t<\/div>\n\t\t<\/div>\n\t\t\t\t\t<\/div>\n\t\t<\/section>\n\t\t\t\t<section class=\"elementor-section elementor-inner-section elementor-element elementor-element-e4e91e6 elementor-section-boxed elementor-section-height-default elementor-section-height-default\" data-id=\"e4e91e6\" data-element_type=\"section\">\n\t\t\t\t\t\t<div class=\"elementor-container elementor-column-gap-default\">\n\t\t\t\t\t<div class=\"elementor-column elementor-col-100 elementor-inner-column elementor-element elementor-element-d9e6218\" data-id=\"d9e6218\" data-element_type=\"column\">\n\t\t\t<div class=\"elementor-widget-wrap elementor-element-populated\">\n\t\t\t\t\t\t<div class=\"elementor-element elementor-element-7cb9adf elementor-view-default elementor-widget elementor-widget-icon\" data-id=\"7cb9adf\" data-element_type=\"widget\" data-widget_type=\"icon.default\">\n\t\t\t\t<div class=\"elementor-widget-container\">\n\t\t\t\t\t\t\t<div class=\"elementor-icon-wrapper\">\n\t\t\t<div class=\"elementor-icon\">\n\t\t\t<i aria-hidden=\"true\" class=\"fas fa-leaf\"><\/i>\t\t\t<\/div>\n\t\t<\/div>\n\t\t\t\t\t\t<\/div>\n\t\t\t\t<\/div>\n\t\t\t\t<div class=\"elementor-element elementor-element-244d921 elementor-widget elementor-widget-heading\" data-id=\"244d921\" data-element_type=\"widget\" data-widget_type=\"heading.default\">\n\t\t\t\t<div class=\"elementor-widget-container\">\n\t\t\t\t\t<h2 class=\"elementor-heading-title elementor-size-default\">Apoyo al Medio Ambiente<\/h2>\t\t\t\t<\/div>\n\t\t\t\t<\/div>\n\t\t\t\t<div class=\"elementor-element elementor-element-0e84152 elementor-widget elementor-widget-text-editor\" data-id=\"0e84152\" data-element_type=\"widget\" data-widget_type=\"text-editor.default\">\n\t\t\t\t<div class=\"elementor-widget-container\">\n\t\t\t\t\t\t\t\t\t<p>Industex ha proporcionado apoyo a la organizaci\u00f3n sin \u00e1nimo de lucro Ecoembes que cuida del medio ambiente a trav\u00e9s de sus iniciativas de reciclaje y de ecodise\u00f1o de los envases en Espa\u00f1a.<\/p>\t\t\t\t\t\t\t\t<\/div>\n\t\t\t\t<\/div>\n\t\t\t\t\t<\/div>\n\t\t<\/div>\n\t\t\t\t\t<\/div>\n\t\t<\/section>\n\t\t\t\t\t<\/div>\n\t\t<\/div>\n\t\t\t\t\t<\/div>\n\t\t<\/section>\n\t\t\t\t<\/div>\n\t\t","protected":false},"excerpt":{"rendered":"<p>Programas Sociales Apoyo a la Investigaci\u00f3n M\u00e9dica Industex ha proporcionado asistencia a instituciones m\u00e9dicas para la investigaci\u00f3n a trav\u00e9s de varias organizaciones como la Fundaci\u00f3n Pasqual Maragall, el Hospital Cl\u00ednic de Barcelona, el\u00a0 Biomedical Engineering Research Centre (CREB) de la Universitat Oberta de Catalunya (UOC) y la Universitat Polit\u00e8cnica de Catalunya (UPC).\u00a0 Investigaci\u00f3n sobre Alzheimer [&hellip;]<\/p>\n","protected":false},"author":1,"featured_media":0,"parent":0,"menu_order":0,"comment_status":"closed","ping_status":"closed","template":"","meta":{"_coblocks_attr":"","_coblocks_dimensions":"","_coblocks_responsive_height":"","_coblocks_accordion_ie_support":"","footnotes":""},"class_list":["post-1151","page","type-page","status-publish","hentry"],"_links":{"self":[{"href":"https:\/\/industex.com\/es\/wp-json\/wp\/v2\/pages\/1151","targetHints":{"allow":["GET"]}}],"collection":[{"href":"https:\/\/industex.com\/es\/wp-json\/wp\/v2\/pages"}],"about":[{"href":"https:\/\/industex.com\/es\/wp-json\/wp\/v2\/types\/page"}],"author":[{"embeddable":true,"href":"https:\/\/industex.com\/es\/wp-json\/wp\/v2\/users\/1"}],"replies":[{"embeddable":true,"href":"https:\/\/industex.com\/es\/wp-json\/wp\/v2\/comments?post=1151"}],"version-history":[{"count":18,"href":"https:\/\/industex.com\/es\/wp-json\/wp\/v2\/pages\/1151\/revisions"}],"predecessor-version":[{"id":4835,"href":"https:\/\/industex.com\/es\/wp-json\/wp\/v2\/pages\/1151\/revisions\/4835"}],"wp:attachment":[{"href":"https:\/\/industex.com\/es\/wp-json\/wp\/v2\/media?parent=1151"}],"curies":[{"name":"wp","href":"https:\/\/api.w.org\/{rel}","templated":true}]}}