{"id":2094,"date":"2021-02-23T10:32:58","date_gmt":"2021-02-23T10:32:58","guid":{"rendered":"https:\/\/www.industex.com\/privacy-policy\/"},"modified":"2021-05-10T13:20:14","modified_gmt":"2021-05-10T13:20:14","slug":"politica-de-privacidad","status":"publish","type":"page","link":"https:\/\/industex.com\/es\/politica-de-privacidad\/","title":{"rendered":"Pol\u00edtica de Privacidad"},"content":{"rendered":"\t\t<div data-elementor-type=\"wp-page\" data-elementor-id=\"2094\" class=\"elementor elementor-2094 elementor-3\" data-elementor-post-type=\"page\">\n\t\t\t\t\t\t<section class=\"elementor-section elementor-top-section elementor-element elementor-element-78ad67d4 elementor-section-boxed elementor-section-height-default elementor-section-height-default\" data-id=\"78ad67d4\" data-element_type=\"section\">\n\t\t\t\t\t\t<div class=\"elementor-container elementor-column-gap-default\">\n\t\t\t\t\t<div class=\"elementor-column elementor-col-100 elementor-top-column elementor-element elementor-element-6c306908\" data-id=\"6c306908\" data-element_type=\"column\">\n\t\t\t<div class=\"elementor-widget-wrap elementor-element-populated\">\n\t\t\t\t\t\t<div class=\"elementor-element elementor-element-afdee3e elementor-widget elementor-widget-heading\" data-id=\"afdee3e\" data-element_type=\"widget\" data-widget_type=\"heading.default\">\n\t\t\t\t<div class=\"elementor-widget-container\">\n\t\t\t\t\t<h1 class=\"elementor-heading-title elementor-size-default\">Pol\u00edtica de Privacidad<\/h1>\t\t\t\t<\/div>\n\t\t\t\t<\/div>\n\t\t\t\t<div class=\"elementor-element elementor-element-233bffd8 elementor-widget elementor-widget-text-editor\" data-id=\"233bffd8\" data-element_type=\"widget\" data-widget_type=\"text-editor.default\">\n\t\t\t\t<div class=\"elementor-widget-container\">\n\t\t\t\t\t\t\t\t\t<p>Esta pol\u00edtica establece el compromiso de INDUSTEX y GRUPO ISL con usted en relaci\u00f3n con la privacidad de sus datos personales. Valoramos la informaci\u00f3n personal que recibimos de usted. Queremos asegurarnos de que sus datos no ser\u00e1n usados de una manera no autorizada. Nuestra pol\u00edtica de privacidad le informa sobre c\u00f3mo utilizamos sus datos y c\u00f3mo puede usted controlar el uso de sus datos.<\/p><p>Al establecer la relaci\u00f3n contractual con INDUSTEX o con cualquier empresa que forme parte del GRUPO ISL, usted acepta expresamente la recogida y el uso de sus datos para los fines establecidos en esta pol\u00edtica de privacidad.<\/p><p><b>1.0 Pol\u00edtica de Privacidad<\/b><\/p><p>1.1 INDUSTEX, S.L. es una empresa con sede en Barcelona (Espa\u00f1a) que desarrolla, comercializa y distribuye productos de gran consumo, originales y exclusivos, destinados al p\u00fablico general en todo el mundo a trav\u00e9s de m\u00faltiples canales de distribuci\u00f3n, incluida la venta directa por televisi\u00f3n. Somos una empresa registrada (CIF B08984056) cuya direcci\u00f3n es Av. P. Catalans, 34, 8\u00aa planta 08950, Esplugues de Llobregat, Barcelona, Espa\u00f1a.<\/p><p>1.2 Este sitio web est\u00e1 dise\u00f1ado para proporcionar informaci\u00f3n sobre la Empresa a los usuarios de nuestros productos, clientes, proveedores, contratistas y al p\u00fablico en general. Nos comprometemos a proteger los datos personales que nos facilite. Lea esta pol\u00edtica de privacidad detenidamente, puesto que contiene informaci\u00f3n importante sobre el uso que hacemos de sus datos personales, explica qu\u00e9 informaci\u00f3n recopilamos sobre usted y c\u00f3mo la utilizamos, incluyendo los supuestos de las transferencias de datos a terceros.<\/p><p>1.3 Nuestros productos y servicios no deben ser comprados por personas menores de 18 a\u00f1os. Por lo tanto, no solicitamos ni recibimos informaci\u00f3n de menores de edad de forma intencionada.<\/p><p><b>2.0 \u00bfC\u00f3mo INDUSTEX y <\/b><b>GRUPO ISL utilizan sus datos personales?<\/b><\/p><p>2.1 Tratamos los datos personales que nos facilite para ejecutar un contrato o cuando exista una relaci\u00f3n contractual entre nosotros, de conformidad con el Art\u00edculo 6 1b) del Reglamento General de Protecci\u00f3n de Datos (en adelante \u201cRGPD\u201d), que establece que los datos se pueden tratar en relaci\u00f3n con un contrato o para la aplicaci\u00f3n de medidas precontractuales. Si no tiene un contrato con nosotros, la base legal para el tratamiento de sus datos es el \u00abconsentimiento\u00bb Art. 6 1a). Otras legitimaciones que nos habilitan para tratar sus datos son nuestro inter\u00e9s leg\u00edtimo y el cumplimiento de obligaciones legales.<\/p><p>2.2 Cuando se ponga en contacto con nosotros a trav\u00e9s del formulario disponible en nuestro sitio web, por correo electr\u00f3nico, postal, telefax o tel\u00e9fono, los datos que le sean solicitados son necesarios para atender a la solicitud de informaci\u00f3n, quejas, reclamaciones, peticiones o comentarios que pueda realizar al GRUPO ISL a fin de llevar a cabo las gestiones necesarias para ofrecerle la respuesta o la soluci\u00f3n m\u00e1s adecuada y comunic\u00e1rsela.<\/p><p>2.3 No elaboramos perfiles comerciales, ni tomamos decisiones individuales automatizadas basadas en sus datos personales.<\/p><p>2.4 Cuando utilice nuestro sitio web, podr\u00e1 acceder a esta pol\u00edtica de privacidad y a nuestros t\u00e9rminos y condiciones que se encuentran en el pie de la p\u00e1gina web.<\/p><p>2.5 Podemos utilizar la informaci\u00f3n recopilada para personalizar su experiencia en nuestro sitio web, para ayudarle a iniciar sesi\u00f3n en el futuro y as\u00ed continuar utilizando nuestro sitio web. Los detalles de c\u00f3mo lo hacemos se incluyen en la secci\u00f3n de cookies.<\/p><p>\u00a0<\/p><p><b>3.0 \u00bfDurante cu\u00e1nto tiempo conservamos datos?<\/b><\/p><p>3.1 Los datos personales que nos proporcione se conservar\u00e1n mientras se mantenga la relaci\u00f3n contractual entre ambas partes, o durante el per\u00edodo de prescripci\u00f3n de obligaciones legales y financieras para que podamos gestionar y auditar nuestro negocio, o hasta que nos solicite la supresi\u00f3n de los mismos.<\/p><p><b>4.0 Cesi\u00f3n de datos a terceros<\/b><\/p><p>4.1 Comunicamos su informaci\u00f3n personal a terceros solo en caso de que sea necesario para prestar nuestros servicios; este supuesto incluye a nuestros proveedores de servicios de almacenaje, transporte y atenci\u00f3n al cliente. Cuando utilizamos a un tercero al que se le da acceso a sus datos, se toman todas las precauciones necesarias para asegurarnos de que cumplen con el RGPD.<\/p><p>4.2 En algunas ocasiones contratamos proveedores externos. Cuando nuestro proveedor externo recoja informaci\u00f3n directamente de usted (por ejemplo, cuando pedimos a un proveedor de servicios que realice una encuesta para nosotros), se le informar\u00e1 adecuadamente. En este caso la divulgaci\u00f3n de la informaci\u00f3n solicitada se compartir\u00e1 solo bajo su autorizaci\u00f3n.<\/p><p>4.3 Tambi\u00e9n utilizamos proveedores externos de hosting y proveedores de comunicaciones que nos proporcionan la infraestructura necesaria para conservar sus datos de manera segura, administrar y desarrollar nuestro sitio web y sistema de informaci\u00f3n, as\u00ed como los servicios de pago de terceros para cumplir con las obligaciones contractuales. Solo daremos a esos servicios externos la informaci\u00f3n estrictamente necesaria para ese prop\u00f3sito y bajo la condici\u00f3n de que se comprometan a mantener dicha informaci\u00f3n segura.<\/p><p>4.4 Adem\u00e1s, podemos facilitar las estad\u00edsticas agregadas sobre nuestros clientes; las ventas, patrones de tr\u00e1fico e informaci\u00f3n relacionada del sitio web a terceros de buena reputaci\u00f3n, sin incluir la informaci\u00f3n de identificaci\u00f3n personal.<\/p><p>4.5. Los datos personales de las personas interesadas pueden ser comunicadas a las empresas del GRUPO ISL cuando sea necesario seg\u00fan la finalidad del tratamiento. <\/p><p>4.6. Cuando el intercambio de informaci\u00f3n implica la transferencia de datos personales a los proveedores fuera del territorio de la Uni\u00f3n Europea, nos aseguramos de que (i) se haya adoptado la decisi\u00f3n de adecuaci\u00f3n del Consejo Europeo con respecto al pa\u00eds receptor que confirma que se ofrecen garant\u00edas adecuadas con respecto a la protecci\u00f3n de la privacidad de las personas en ese pa\u00eds, o (ii) en ausencia de la decisi\u00f3n de adecuaci\u00f3n, se apliquen las Cl\u00e1usulas Contractuales Tipo al acuerdo con el proveedor.<\/p><p><b>5.0 Comunicaci\u00f3n de los datos por requerimiento legal<\/b><\/p><p>5.1 Podemos trasladar los datos personales a terceros en la medida que lo permita o lo requiera la ley, una autoridad judicial u otra autoridad encargada de hacer cumplir la ley, con el fin de ejercer nuestros derechos legales, operar nuestros sistemas de manera adecuada o para proteger a nuestros usuarios y clientes o a nosotros mismos.<\/p><p><b>6.0 Consentimiento y Derechos legales<\/b><\/p><p>6.1 Usted reconoce y acepta que, al utilizar nuestro sitio web www.industex.com o hacer negocios con nosotros, cierta informaci\u00f3n sobre usted se capturar\u00e1 electr\u00f3nicamente o de otra manera y se nos transmitir\u00e1 a nosotros y, potencialmente, a terceros, como se explica anteriormente, tales como proveedores que alojan nuestros servidores web o realizan el mantenimiento de dicha p\u00e1gina web.<\/p><p>6.2\u00a0 El RGPD establece que cualquier persona tiene los siguientes derechos:<\/p><ul><li aria-level=\"1\">derecho a obtener informaci\u00f3n de esta empresa sobre si estamos tratando datos personales de ella o no;\u00a0<\/li><li aria-level=\"1\">derecho a acceder a sus datos personales de forma gratuita;<\/li><li aria-level=\"1\">derecho a obtener los datos personales que ha facilitado a la empresa en un formato estructurado de uso com\u00fan y lectura mec\u00e1nica y a transmitirlos a otro responsable o empresa sin demora injustificada;<\/li><li aria-level=\"1\">derecho a solicitar la rectificaci\u00f3n de los datos que sean inexactos (lo que incluye la garant\u00eda de trasladarlo a terceros si procede);<\/li><li aria-level=\"1\">derecho a solicitar la supresi\u00f3n, entre otros motivos, cuando los datos ya no sean necesarios para las finalidades para las que fueron recogidos;<\/li><li aria-level=\"1\">en determinadas circunstancias previstas en el art\u00edculo 18 del RGPD, el derecho a solicitar la limitaci\u00f3n del tratamiento de sus datos. Cuando se haya restringido el tratamiento, dichos datos personales, con la excepci\u00f3n del almacenamiento, solo se procesar\u00e1n con el consentimiento del interesado o para el ejercicio o defensa de reclamaciones o para la defensa de los derechos de otra persona f\u00edsica o jur\u00eddica o por razones de importante inter\u00e9s p\u00fablico de la Uni\u00f3n o de un Estado miembro;<\/li><li aria-level=\"1\">derecho a oponerse al tratamiento de sus datos con finalidades de marketing directo o publicidad, incluidos la elaboraci\u00f3n de perfiles y;<\/li><li aria-level=\"1\">derechos relativos a la toma de decisiones automatizadas y la elaboraci\u00f3n de perfiles.<\/li><\/ul><p>6.3 Usted puede ejercer sus derechos ante INDUSTEX, S.L . enviando su petici\u00f3n:<\/p><ul><li aria-level=\"1\">por correo a INDUSTEX, S.L. Av. P. Catalans, 34, 8th Floor 08950 Esplugues de Llobregat (Barcelona), Espa\u00f1a, o<\/li><li aria-level=\"1\">por correo electr\u00f3nico a dataprotection@industex.com<br \/><br \/><\/li><\/ul><p><b>7.0 \u00bfC\u00f3mo protege <\/b><b>INDUSTEX <\/b><b>los datos personales?<\/b><\/p><p>7.1 El RGPD exige que sigamos estrictos procedimientos de seguridad en el almacenamiento y la comunicaci\u00f3n de la informaci\u00f3n que recogemos a trav\u00e9s de este sitio web o de cualquier otro medio para evitar el acceso no autorizado. Toda la informaci\u00f3n se guarda de forma segura, se archiva y se gestiona de acuerdo con nuestra Pol\u00edtica de Gesti\u00f3n de Seguridad de la Informaci\u00f3n.<\/p><p><b>8.0 Cambios en la Pol\u00edtica de Privacidad<\/b><\/p><p>8.1 Nos reservamos el derecho de agregar o cambiar t\u00e9rminos de esta pol\u00edtica de privacidad a nuestra discreci\u00f3n y sin aviso previo. Si cambiamos esta pol\u00edtica de privacidad, la nueva pol\u00edtica de privacidad se publicar\u00e1 en este sitio web y entrar\u00e1 en vigor desde la fecha de la publicaci\u00f3n en el mismo. Visite esta pol\u00edtica de privacidad con regularidad para asegurarse de haber le\u00eddo la \u00faltima versi\u00f3n y entender lo que hacemos con su informaci\u00f3n. Siempre que sea posible, le avisaremos de cualquier cambio antes de su implementaci\u00f3n.<\/p><p><b>9.0 \u00bfQu\u00e9 v\u00edas de reclamaci\u00f3n hay?<\/b><\/p><p>9.1 Si usted no est\u00e1 satisfecho con cualquier aspecto de la privacidad como parte de nuestro servicio o relaci\u00f3n comercial, puede presentar una reclamaci\u00f3n enviando un correo electr\u00f3nico a dataprotection@industex.com y, si una vez atendido, considera que su petici\u00f3n no ha sido resuelta adecuadamente, tiene derecho a presentar su reclamaci\u00f3n ante la Agencia Espa\u00f1ola de Protecci\u00f3n de Datos (AEPD). Puede encontrar los datos de contacto y m\u00e1s informaci\u00f3n sobre la protecci\u00f3n de datos en <a href=\"http:\/\/www.aepd.es\">www.aepd.es<\/a>.<\/p><p><br \/><br \/><\/p>\t\t\t\t\t\t\t\t<\/div>\n\t\t\t\t<\/div>\n\t\t\t\t\t<\/div>\n\t\t<\/div>\n\t\t\t\t\t<\/div>\n\t\t<\/section>\n\t\t\t\t<\/div>\n\t\t","protected":false},"excerpt":{"rendered":"<p>Pol\u00edtica de Privacidad Esta pol\u00edtica establece el compromiso de INDUSTEX y GRUPO ISL con usted en relaci\u00f3n con la privacidad de sus datos personales. Valoramos la informaci\u00f3n personal que recibimos de usted. Queremos asegurarnos de que sus datos no ser\u00e1n usados de una manera no autorizada. Nuestra pol\u00edtica de privacidad le informa sobre c\u00f3mo utilizamos [&hellip;]<\/p>\n","protected":false},"author":1,"featured_media":0,"parent":0,"menu_order":0,"comment_status":"closed","ping_status":"open","template":"","meta":{"_coblocks_attr":"","_coblocks_dimensions":"","_coblocks_responsive_height":"","_coblocks_accordion_ie_support":"","footnotes":""},"class_list":["post-2094","page","type-page","status-publish","hentry"],"_links":{"self":[{"href":"https:\/\/industex.com\/es\/wp-json\/wp\/v2\/pages\/2094","targetHints":{"allow":["GET"]}}],"collection":[{"href":"https:\/\/industex.com\/es\/wp-json\/wp\/v2\/pages"}],"about":[{"href":"https:\/\/industex.com\/es\/wp-json\/wp\/v2\/types\/page"}],"author":[{"embeddable":true,"href":"https:\/\/industex.com\/es\/wp-json\/wp\/v2\/users\/1"}],"replies":[{"embeddable":true,"href":"https:\/\/industex.com\/es\/wp-json\/wp\/v2\/comments?post=2094"}],"version-history":[{"count":3,"href":"https:\/\/industex.com\/es\/wp-json\/wp\/v2\/pages\/2094\/revisions"}],"predecessor-version":[{"id":3990,"href":"https:\/\/industex.com\/es\/wp-json\/wp\/v2\/pages\/2094\/revisions\/3990"}],"wp:attachment":[{"href":"https:\/\/industex.com\/es\/wp-json\/wp\/v2\/media?parent=2094"}],"curies":[{"name":"wp","href":"https:\/\/api.w.org\/{rel}","templated":true}]}}