{"id":2114,"date":"2021-03-08T11:45:15","date_gmt":"2021-03-08T11:45:15","guid":{"rendered":"https:\/\/www.industex.com\/terms-and-conditions\/"},"modified":"2021-03-12T15:16:05","modified_gmt":"2021-03-12T15:16:05","slug":"terminos-y-condiciones","status":"publish","type":"page","link":"https:\/\/industex.com\/es\/terminos-y-condiciones\/","title":{"rendered":"T\u00e9rminos y Condiciones"},"content":{"rendered":"\t\t<div data-elementor-type=\"wp-page\" data-elementor-id=\"2114\" class=\"elementor elementor-2114 elementor-1458\" data-elementor-post-type=\"page\">\n\t\t\t\t\t\t<section class=\"elementor-section elementor-top-section elementor-element elementor-element-b0d86e4 elementor-section-boxed elementor-section-height-default elementor-section-height-default\" data-id=\"b0d86e4\" data-element_type=\"section\">\n\t\t\t\t\t\t<div class=\"elementor-container elementor-column-gap-default\">\n\t\t\t\t\t<div class=\"elementor-column elementor-col-100 elementor-top-column elementor-element elementor-element-323d8c5\" data-id=\"323d8c5\" data-element_type=\"column\">\n\t\t\t<div class=\"elementor-widget-wrap elementor-element-populated\">\n\t\t\t\t\t\t<div class=\"elementor-element elementor-element-a7714c9 elementor-widget elementor-widget-heading\" data-id=\"a7714c9\" data-element_type=\"widget\" data-widget_type=\"heading.default\">\n\t\t\t\t<div class=\"elementor-widget-container\">\n\t\t\t\t\t<h1 class=\"elementor-heading-title elementor-size-default\">T\u00e9rminos y Condiciones<\/h1>\t\t\t\t<\/div>\n\t\t\t\t<\/div>\n\t\t\t\t<div class=\"elementor-element elementor-element-971e47a elementor-widget elementor-widget-text-editor\" data-id=\"971e47a\" data-element_type=\"widget\" data-widget_type=\"text-editor.default\">\n\t\t\t\t<div class=\"elementor-widget-container\">\n\t\t\t\t\t\t\t\t\t<p>En cumplimiento con el deber de informaci\u00f3n dispuesto en la Ley 34\/2002 de Servicios de la Sociedad de la Informaci\u00f3n y el Comercio Electr\u00f3nico (LSSI-CE) de 11 de julio, se facilitan a continuaci\u00f3n los siguientes datos de informaci\u00f3n general de este sitio web:<\/p>\n\n<p>Este sitio web pertenece a INDUSTEX, SL, domiciliada en la calle Avinguda dels Pa\u00efsos Catalans, n\u00famero 34, Planta 8 de Esplugues de Llobregat (Barcelona), Espa\u00f1a.&nbsp;<\/p>\n<p>CIF: B08984056.&nbsp;<\/p>\n<p>Tel\u00e9fono de contacto: +34 93 254 41 00<\/p>\n<p>Email de contacto: <a href=\"mailto:industex@industex.com\">industex@industex.com<\/a>&nbsp;<\/p>\n<p>El responsable de la empresa es el Sr. Philip Bouldstridge Balari.&nbsp;<\/p>\n<p>DATOS DE INSCRIPCION EN EL REGISTRO MERCANTIL:<\/p>\n<p>INICIALES :&nbsp;Tomo 6272 Folio 153 Libro 5560 Secci\u00f3n ANONIMA<\/p>\n<p>ULTIMOS :&nbsp;Tomo 44601 Folio 72 Hoja B-44255 INSCRIPCION 28<\/p>\n\n<p><b>T\u00c9RMINOS Y CONDICIONES DE USO DE LA P\u00c1GINA<\/b><\/p>\n\n<p>Los presentes T\u00e9rminos y condiciones de uso rigen el acceso y la utilizaci\u00f3n del sitio web&nbsp;<a href=\"https:\/\/industex.com\">www.industex.com<\/a>. El acceso y el uso de este sitio web es responsabilidad total del usuario, que est\u00e1 sujeto a la aceptaci\u00f3n de los presentes t\u00e9rminos y condiciones de uso, de la pol\u00edtica de privacidad y el uso de los datos aqu\u00ed transcritos.<\/p>\n<p>INDUSTEX, SL. se reserva el derecho de cambiar los presentes t\u00e9rminos y condiciones de uso siempre que lo considere oportuno, en cualquier momento, con o sin previo aviso.&nbsp;La versi\u00f3n m\u00e1s actual de los T\u00e9rminos y condiciones de uso se encuentra en el sitio web y sustituye todas las versiones anteriores.<\/p>\n<p>Es responsabilidad del usuario leer y revisar los mismos cada vez que accede al sitio web, con el fin de conocer cualquier cambio realizado, ya que los mismos afectan a sus derechos.<\/p>\n\n<p><b>SUS DATOS Y SUS VISITAS A ESTA P\u00c1GINA WEB<\/b><\/p>\n<p>La informaci\u00f3n o datos personales que nos facilite sobre usted ser\u00e1n tratados con arreglo a lo establecido en la Pol\u00edtica de Privacidad y Cookies. Al hacer uso de esta p\u00e1gina web usted consiente el tratamiento de dicha informaci\u00f3n y datos y declara que toda la informaci\u00f3n o datos que nos facilite son veraces y se corresponden con la realidad<\/p>\n\n<p><b>PROPIEDAD INTELECTUAL E INDUSTRIAL.<\/b><\/p>\n<p>Los contenidos que aparecen en el sitio web, incluyendo, sin limitaci\u00f3n, el dise\u00f1o del portal y de sus c\u00f3digos-fuente, im\u00e1genes, textos, software, fotograf\u00edas, sonido, m\u00fasica, v\u00eddeos, elementos interactivos y afines (\u00abContenido\u00bb), marcas y logotipos (\u00abMarcas\u00bb), o cualquier otro derecho de propiedad industrial o intelectual que aparecen en el mismo, son propiedad de INDUSTEX, S.L. y\/o cedidos a INDUSTEX, S.L. en virtud de licencias, y est\u00e1n protegidos por los correspondientes derechos de propiedad intelectual e industrial.&nbsp;<\/p>\n<p>Asimismo, se informa que est\u00e1 prohibida la reproducci\u00f3n total o parcial de cualquier contenido publicado en este portal, sin la previa autorizaci\u00f3n de la empresa. De igual manera, los datos y los formularios que se puedan publicar en el sitio son propiedad de la empresa, y est\u00e1n protegidos por los correspondientes derechos de autor y\/o de propiedad intelectual.&nbsp;<\/p>\n\n<p><b>RESPONSABILIDAD DE LOS CONTENIDOS.<\/b><\/p>\n<p>La empresa INDUSTEX, SL no se hace responsable de la legalidad de otros sitios web de terceros desde los cuales se pueda acceder a su sitio web.&nbsp;<\/p>\n<p>La empresa se reserva el derecho a realizar cambios en el sitio web sin previo aviso, con el objetivo de mantener actualizada su informaci\u00f3n.&nbsp;<\/p>\n<p>La empresa no se har\u00e1 responsable del uso que hagan terceros de la informaci\u00f3n publicada en su portal.&nbsp;<\/p>\n\n<p><b>VIRUS, PIRATER\u00cdA Y OTROS ATAQUES INFORM\u00c1TICOS<\/b><\/p>\n<p>Usted no debe realizar un uso indebido de esta p\u00e1gina web mediante la introducci\u00f3n intencionada en la misma de virus, troyanos, gusanos, bombas l\u00f3gicas o cualquier otro programa o material tecnol\u00f3gicamente perjudicial o da\u00f1ino. Usted no tratar\u00e1 de tener acceso no autorizado a esta p\u00e1gina web, al servidor en que dicha p\u00e1gina se encuentra alojada o a cualquier servidor, ordenador o base de datos relacionada con nuestra p\u00e1gina web. Usted se compromete a no atacar esta p\u00e1gina web a trav\u00e9s de un ataque de denegaci\u00f3n de servicio o de un ataque de denegaci\u00f3n de servicio distribuido.<\/p>\n<p>El incumplimiento de esta cl\u00e1usula podr\u00eda llevar aparejada la comisi\u00f3n de infracciones tipificadas por la normativa aplicable. Informaremos de cualquier incumplimiento de dicha normativa a las autoridades competentes y cooperaremos con ellas para descubrir la identidad del atacante. Asimismo, en caso de incumplimiento de la presente cl\u00e1usula, dejar\u00e1 inmediatamente de estar autorizado a usar esta p\u00e1gina web.<\/p>\n<p>No seremos responsables de cualquier da\u00f1o o p\u00e9rdida resultante de un ataque de denegaci\u00f3n de servicio, virus o cualquier otro programa o material tecnol\u00f3gicamente perjudicial o da\u00f1ino que pueda afectar a su ordenador, equipo inform\u00e1tico, datos o materiales como consecuencia del uso de esta p\u00e1gina web o de la descarga de contenidos de la misma o a los que la misma redirecci\u00f3n.<\/p>\n\n<p><b>LEY APLICABLE<\/b><\/p>\n<p>Los presentes T\u00e9rminos y condiciones de uso y la Pol\u00edtica de privacidad se rigen por la legislaci\u00f3n espa\u00f1ola y se interpretar\u00e1n de acuerdo a la misma. La versi\u00f3n en espa\u00f1ol de los presentes T\u00e9rminos y condiciones de uso y de la Pol\u00edtica de privacidad, prevalecer\u00e1n sobre cualquier traducci\u00f3n a otros idiomas, si las hubiera. La nulidad de alguna de las disposiciones tendr\u00e1 que ser eliminada, quedando las restantes disposiciones del mismo en vigor \u00edntegramente y produciendo sus efectos.&nbsp;<\/p>\n<p>\u00daltima actualizaci\u00f3n: 25\/11\/2020<\/p>\t\t\t\t\t\t\t\t<\/div>\n\t\t\t\t<\/div>\n\t\t\t\t\t<\/div>\n\t\t<\/div>\n\t\t\t\t\t<\/div>\n\t\t<\/section>\n\t\t\t\t<\/div>\n\t\t","protected":false},"excerpt":{"rendered":"<p>T\u00e9rminos y Condiciones En cumplimiento con el deber de informaci\u00f3n dispuesto en la Ley 34\/2002 de Servicios de la Sociedad de la Informaci\u00f3n y el Comercio Electr\u00f3nico (LSSI-CE) de 11 de julio, se facilitan a continuaci\u00f3n los siguientes datos de informaci\u00f3n general de este sitio web: Este sitio web pertenece a INDUSTEX, SL, domiciliada en [&hellip;]<\/p>\n","protected":false},"author":1,"featured_media":0,"parent":0,"menu_order":0,"comment_status":"closed","ping_status":"closed","template":"","meta":{"_coblocks_attr":"","_coblocks_dimensions":"","_coblocks_responsive_height":"","_coblocks_accordion_ie_support":"","footnotes":""},"class_list":["post-2114","page","type-page","status-publish","hentry"],"_links":{"self":[{"href":"https:\/\/industex.com\/es\/wp-json\/wp\/v2\/pages\/2114","targetHints":{"allow":["GET"]}}],"collection":[{"href":"https:\/\/industex.com\/es\/wp-json\/wp\/v2\/pages"}],"about":[{"href":"https:\/\/industex.com\/es\/wp-json\/wp\/v2\/types\/page"}],"author":[{"embeddable":true,"href":"https:\/\/industex.com\/es\/wp-json\/wp\/v2\/users\/1"}],"replies":[{"embeddable":true,"href":"https:\/\/industex.com\/es\/wp-json\/wp\/v2\/comments?post=2114"}],"version-history":[{"count":0,"href":"https:\/\/industex.com\/es\/wp-json\/wp\/v2\/pages\/2114\/revisions"}],"wp:attachment":[{"href":"https:\/\/industex.com\/es\/wp-json\/wp\/v2\/media?parent=2114"}],"curies":[{"name":"wp","href":"https:\/\/api.w.org\/{rel}","templated":true}]}}